{"id":471,"date":"2025-04-20T17:25:13","date_gmt":"2025-04-20T17:25:13","guid":{"rendered":"https:\/\/castraholidays.com\/mountainbike-verleih\/"},"modified":"2025-05-24T13:46:32","modified_gmt":"2025-05-24T13:46:32","slug":"mountainbike-verleih","status":"publish","type":"page","link":"https:\/\/castraholidays.com\/de\/mountainbike-verleih\/","title":{"rendered":"Mountainbike-Verleih"},"content":{"rendered":"\n<div class=\"wp-block-columns alignwide is-layout-flex wp-container-core-columns-is-layout-8d88fe0f wp-block-columns-is-layout-flex\" style=\"padding-top:var(--wp--preset--spacing--20);padding-bottom:var(--wp--preset--spacing--20)\">\n<div class=\"wp-block-column is-layout-flow wp-block-column-is-layout-flow\">\n<h2 class=\"wp-block-heading has-text-align-center\"><strong><strong>E-Mountainbike<\/strong><\/strong> n<\/h2>\n\n\n\n<p class=\"has-text-align-left hostinger-ai-description has-dark-color has-text-color has-link-color has-medium-font-size wp-elements-504a6b28e5773653d73757c5eaa190be\" style=\"margin-top:0;margin-bottom:0\"><br\/>Damit Sie von Ihrer Unterkunft aus direkt in den Wald radeln k\u00f6nnen, vermieten wir verschiedene E-Mountainbikes.<br\/><br\/> Dank Elektromotor ist es f\u00fcr nahezu jeden geeignet, um mit wenig Kraftaufwand auf abenteuerliche Art die W\u00e4lder zu erkunden.<br\/><br\/> Wir verf\u00fcgen \u00fcber 4 Mountainbikes, diese k\u00f6nnen f\u00fcr 25,- \u20ac pro Tag gemietet werden, Reservierungen f\u00fcr Ihren Aufenthalt sind m\u00f6glich, bitte <a href=\"https:\/\/castraholidays.com\/de\/kontakt\/\" data-type=\"page\" data-id=\"16\">kontaktieren Sie<\/a> uns.<br\/><br\/> <strong>BITTE BEACHTEN: NUR VERF\u00dcGBAR AB 01.08.2025<\/strong><\/p>\n\n\n\n<p class=\"has-text-align-left hostinger-ai-description has-dark-color has-text-color has-link-color has-medium-font-size wp-elements-27dbfea9c1441e3ca28c16e2ea852872\" style=\"margin-top:0;margin-bottom:0\"><br\/><\/p>\n<\/div>\n\n\n\n<div class=\"wp-block-column is-layout-flow wp-block-column-is-layout-flow\">\n<figure class=\"wp-block-image size-full is-resized has-custom-border is-style-default\" style=\"margin-top:var(--wp--preset--spacing--10);margin-right:var(--wp--preset--spacing--10);margin-bottom:var(--wp--preset--spacing--10);margin-left:var(--wp--preset--spacing--10)\"><img decoding=\"async\" src=\"https:\/\/castraholidays.com\/wp-content\/uploads\/2025\/04\/csm_Plose-e-Bike-c-Dennis-Stratmann-de-5-2017_c92cf7e4c9.webp\" alt=\"\" class=\"wp-image-137\" style=\"border-width:1px;border-radius:25px;width:603px;height:auto\"\/><\/figure>\n<\/div>\n<\/div>\n","protected":false},"excerpt":{"rendered":"<p>E-Mountainbike n Damit Sie von Ihrer Unterkunft aus direkt in den Wald radeln k\u00f6nnen, vermieten wir verschiedene E-Mountainbikes. Dank Elektromotor ist es f\u00fcr nahezu jeden geeignet, um mit wenig Kraftaufwand auf abenteuerliche Art die W\u00e4lder zu erkunden. Wir verf\u00fcgen \u00fcber 4 Mountainbikes, diese k\u00f6nnen f\u00fcr 25,- \u20ac pro Tag gemietet werden, Reservierungen f\u00fcr Ihren Aufenthalt [&hellip;]<\/p>\n","protected":false},"author":2,"featured_media":0,"parent":0,"menu_order":0,"comment_status":"closed","ping_status":"closed","template":"","meta":{"footnotes":""},"class_list":["post-471","page","type-page","status-publish","hentry"],"_links":{"self":[{"href":"https:\/\/castraholidays.com\/de\/wp-json\/wp\/v2\/pages\/471","targetHints":{"allow":["GET"]}}],"collection":[{"href":"https:\/\/castraholidays.com\/de\/wp-json\/wp\/v2\/pages"}],"about":[{"href":"https:\/\/castraholidays.com\/de\/wp-json\/wp\/v2\/types\/page"}],"author":[{"embeddable":true,"href":"https:\/\/castraholidays.com\/de\/wp-json\/wp\/v2\/users\/2"}],"replies":[{"embeddable":true,"href":"https:\/\/castraholidays.com\/de\/wp-json\/wp\/v2\/comments?post=471"}],"version-history":[{"count":2,"href":"https:\/\/castraholidays.com\/de\/wp-json\/wp\/v2\/pages\/471\/revisions"}],"predecessor-version":[{"id":641,"href":"https:\/\/castraholidays.com\/de\/wp-json\/wp\/v2\/pages\/471\/revisions\/641"}],"wp:attachment":[{"href":"https:\/\/castraholidays.com\/de\/wp-json\/wp\/v2\/media?parent=471"}],"curies":[{"name":"wp","href":"https:\/\/api.w.org\/{rel}","templated":true}]}}