{"id":477,"date":"2025-04-13T12:16:52","date_gmt":"2025-04-13T12:16:52","guid":{"rendered":"https:\/\/castraholidays.com\/geschichte\/"},"modified":"2025-05-26T14:44:59","modified_gmt":"2025-05-26T14:44:59","slug":"geschichte","status":"publish","type":"page","link":"https:\/\/castraholidays.com\/de\/geschichte\/","title":{"rendered":"Geschichte"},"content":{"rendered":"\n<h2 class=\"wp-block-heading has-text-align-center\">Geschichte<\/h2>\n\n<div class=\"wp-block-columns alignwide is-layout-flex wp-container-core-columns-is-layout-ef350914 wp-block-columns-is-layout-flex\" style=\"padding-top:var(--wp--preset--spacing--30);padding-bottom:var(--wp--preset--spacing--30)\">\n<div class=\"wp-block-column is-layout-flow wp-block-column-is-layout-flow\" style=\"padding-top:var(--wp--preset--spacing--20);padding-bottom:var(--wp--preset--spacing--20)\">\n<figure class=\"wp-block-image size-full has-custom-border is-style-default wp-duotone-duotone-2\" style=\"margin-top:var(--wp--preset--spacing--10);margin-right:var(--wp--preset--spacing--10);margin-bottom:var(--wp--preset--spacing--10);margin-left:var(--wp--preset--spacing--10)\"><img decoding=\"async\" src=\"https:\/\/castraholidays.com\/wp-content\/uploads\/2025\/04\/GK-Pfaffschwende-vom-Aussichtspunkt-Volkenroder-Blick-.jpg\" alt=\"\" class=\"wp-image-220\" style=\"border-width:1px;border-radius:25px\"\/><\/figure>\n<\/div>\n\n\n\n<div class=\"wp-block-column is-layout-flow wp-block-column-is-layout-flow\">\n<h2 class=\"wp-block-heading has-text-align-center hostinger-ai-title has-dark-color has-text-color has-link-color has-x-large-font-size wp-elements-e47521fba3d1385f282d08982da6fb18\" style=\"margin-top:0;margin-right:0;margin-bottom:var(--wp--preset--spacing--20);margin-left:0\">Castra Holidays GmbH<\/h2>\n\n\n\n<p class=\"has-text-align-left hostinger-ai-description has-dark-color has-text-color has-link-color has-medium-font-size wp-elements-e35a7905b1adb4e6beedfc1cc0f23498\" style=\"margin-top:0;margin-bottom:0\">Der Komplex wurde zuvor w\u00e4hrend der Teilung zwischen Ost- und Westdeutschland als Grenzkaserne genutzt. Auf der Ostseite (DDR) waren hier Truppen zur Bewachung des Grenzgebiets stationiert. <br\/><br\/>Fr\u00fcher bekannt als Dog Stars Holidays vermieten wir weiterhin Ferienwohnungen an Leute, die mit ihren Hunden in den Urlaub fahren m\u00f6chten. Hier k\u00f6nnen sie ihren Tieren alle Freiheiten geben, damit sie das riesige Spielfeld mit Schwimmteich und nat\u00fcrlich die wundersch\u00f6nen W\u00e4lder und die Natur in der Umgebung genie\u00dfen k\u00f6nnen. <br\/><br\/>In naher Zukunft werden der Komplex (und die Einrichtungen) weiter renoviert und erweitert, um den G\u00e4sten ein noch besseres Erlebnis zu bieten.<\/p>\n\n\n\n<p class=\"has-text-align-left hostinger-ai-description has-dark-color has-text-color has-link-color has-medium-font-size wp-elements-1c685fe1ff120d93423bdbd25b152aa4\" style=\"margin-top:0;margin-bottom:0\"><br\/><br\/><\/p>\n<\/div>\n<\/div>\n","protected":false},"excerpt":{"rendered":"<p>Geschichte Castra Holidays GmbH Der Komplex wurde zuvor w\u00e4hrend der Teilung zwischen Ost- und Westdeutschland als Grenzkaserne genutzt. Auf der Ostseite (DDR) waren hier Truppen zur Bewachung des Grenzgebiets stationiert. Fr\u00fcher bekannt als Dog Stars Holidays vermieten wir weiterhin Ferienwohnungen an Leute, die mit ihren Hunden in den Urlaub fahren m\u00f6chten. Hier k\u00f6nnen sie ihren [&hellip;]<\/p>\n","protected":false},"author":2,"featured_media":0,"parent":0,"menu_order":0,"comment_status":"closed","ping_status":"closed","template":"","meta":{"footnotes":""},"class_list":["post-477","page","type-page","status-publish","hentry"],"_links":{"self":[{"href":"https:\/\/castraholidays.com\/de\/wp-json\/wp\/v2\/pages\/477","targetHints":{"allow":["GET"]}}],"collection":[{"href":"https:\/\/castraholidays.com\/de\/wp-json\/wp\/v2\/pages"}],"about":[{"href":"https:\/\/castraholidays.com\/de\/wp-json\/wp\/v2\/types\/page"}],"author":[{"embeddable":true,"href":"https:\/\/castraholidays.com\/de\/wp-json\/wp\/v2\/users\/2"}],"replies":[{"embeddable":true,"href":"https:\/\/castraholidays.com\/de\/wp-json\/wp\/v2\/comments?post=477"}],"version-history":[{"count":2,"href":"https:\/\/castraholidays.com\/de\/wp-json\/wp\/v2\/pages\/477\/revisions"}],"predecessor-version":[{"id":638,"href":"https:\/\/castraholidays.com\/de\/wp-json\/wp\/v2\/pages\/477\/revisions\/638"}],"wp:attachment":[{"href":"https:\/\/castraholidays.com\/de\/wp-json\/wp\/v2\/media?parent=477"}],"curies":[{"name":"wp","href":"https:\/\/api.w.org\/{rel}","templated":true}]}}