{"id":481,"date":"2025-04-21T07:12:33","date_gmt":"2025-04-21T07:12:33","guid":{"rendered":"https:\/\/castraholidays.com\/hunde\/"},"modified":"2025-05-26T14:31:29","modified_gmt":"2025-05-26T14:31:29","slug":"hunde","status":"publish","type":"page","link":"https:\/\/castraholidays.com\/de\/hunde\/","title":{"rendered":"Hunde"},"content":{"rendered":"\n<div class=\"wp-block-columns alignwide is-layout-flex wp-container-core-columns-is-layout-d23209a0 wp-block-columns-is-layout-flex\" style=\"padding-top:var(--wp--preset--spacing--30);padding-bottom:var(--wp--preset--spacing--30)\">\n<div class=\"wp-block-column is-layout-flow wp-container-core-column-is-layout-b317c9ca wp-block-column-is-layout-flow\" style=\"padding-top:var(--wp--preset--spacing--10);padding-bottom:var(--wp--preset--spacing--10)\">\n<h2 class=\"wp-block-heading has-text-align-center is-style-default\">Freilaufbereich<\/h2>\n\n\n\n<p class=\"has-text-align-center\">Neben Ihrem abgeschlossenen Privatgarten von ca. 160 m2 sind Sie auch herzlich eingeladen, mit Ihrem Hund\/Ihren Hunden die gro\u00dfe Spielwiese zu nutzen.  <br\/><br\/>Das gesamte Gel\u00e4nde ist mit einem 1,80 Meter hohen Zaun umgeben. Das eingez\u00e4unte Spielgel\u00e4nde ist ca. 1,3 Hektar gro\u00df und die Hunde k\u00f6nnen nach Herzenslust \u00fcber die Rasenfl\u00e4chen und zwischen den B\u00e4umen toben. Es gibt auch einen gro\u00dfen Teich, in dem sie schwimmen k\u00f6nnen.  <\/p>\n<\/div>\n<\/div>\n\n<div class=\"wp-block-columns alignwide is-layout-flex wp-container-core-columns-is-layout-28f84493 wp-block-columns-is-layout-flex\">\n<div class=\"wp-block-column is-layout-flow wp-block-column-is-layout-flow\">\n<div class=\"wp-block-columns alignwide has-medium-font-size is-layout-flex wp-container-core-columns-is-layout-ec2e7a44 wp-block-columns-is-layout-flex\" style=\"padding-top:0;padding-bottom:0\">\n<div class=\"wp-block-column is-layout-flow wp-block-column-is-layout-flow\">\n<h2 class=\"wp-block-heading has-text-align-center\"><strong><strong>Waschk\u00fcche<\/strong><\/strong><\/h2>\n\n\n\n<p class=\"has-text-align-left hostinger-ai-description has-dark-color has-text-color has-link-color has-medium-font-size wp-elements-0711e6b1b0f0fe1436e8a31edf7f6088\" style=\"margin-top:0;margin-bottom:0\"><br\/>Wir haben einen speziellen Waschplatz f\u00fcr Ihren Hund! Der ideale Weg, um nach einem Tag voller Spiel und Spa\u00df schnell wieder sauber zu werden! Handt\u00fccher und Hundeshampoo m\u00fcssen Sie selbst mitbringen, wir verkaufen aber auch Hundeshampoo.  <br\/><\/p>\n\n\n\n<p class=\"has-text-align-left hostinger-ai-description has-dark-color has-text-color has-link-color has-medium-font-size wp-elements-1a29b778a921418960859c66c571b9f1\" style=\"margin-top:0;margin-bottom:0\">Au\u00dferdem stehen Ihnen bei uns eine Waschmaschine und ein Trockner zur Verf\u00fcgung. Diese k\u00f6nnen Sie f\u00fcr 4,00 \u20ac pro Wasch-\/Trockengang nutzen.   <br\/><br\/>Zum Trocknen Ihrer W\u00e4sche steht Ihnen ein W\u00e4schetrockner zur Verf\u00fcgung oder Sie k\u00f6nnen Ihre W\u00e4sche auf einem eigenen kleinen W\u00e4schest\u00e4nder trocknen, der in jeder Wohnung vorhanden ist. Das Waschmittel ist im Preis inbegriffen, Sie m\u00fcssen sich hierum also nicht selbst k\u00fcmmern.<\/p>\n\n\n\n<p class=\"has-text-align-left hostinger-ai-description has-dark-color has-text-color has-link-color has-medium-font-size wp-elements-27dbfea9c1441e3ca28c16e2ea852872\" style=\"margin-top:0;margin-bottom:0\"><br\/><\/p>\n<\/div>\n\n\n\n<div class=\"wp-block-column is-layout-flow wp-block-column-is-layout-flow\">\n<figure class=\"wp-block-gallery has-nested-images columns-default is-cropped wp-block-gallery-1 is-layout-flex wp-block-gallery-is-layout-flex\">\n<figure class=\"wp-block-image size-full has-custom-border is-style-default\" style=\"margin-top:var(--wp--preset--spacing--10);margin-right:var(--wp--preset--spacing--10);margin-bottom:var(--wp--preset--spacing--10);margin-left:var(--wp--preset--spacing--10)\"><img loading=\"lazy\" decoding=\"async\" width=\"350\" height=\"250\" data-id=\"262\" src=\"https:\/\/castraholidays.com\/wp-content\/uploads\/2025\/04\/228381114.jpg\" alt=\"\" class=\"wp-image-262\" style=\"border-style:none;border-width:0px;border-radius:22px\" srcset=\"https:\/\/castraholidays.com\/wp-content\/uploads\/2025\/04\/228381114.jpg 350w, https:\/\/castraholidays.com\/wp-content\/uploads\/2025\/04\/228381114-300x214.jpg 300w\" sizes=\"auto, (max-width: 350px) 100vw, 350px\" \/><\/figure>\n<\/figure>\n<\/div>\n<\/div>\n<\/div>\n<\/div>\n","protected":false},"excerpt":{"rendered":"<p>Freilaufbereich Neben Ihrem abgeschlossenen Privatgarten von ca. 160 m2 sind Sie auch herzlich eingeladen, mit Ihrem Hund\/Ihren Hunden die gro\u00dfe Spielwiese zu nutzen. Das gesamte Gel\u00e4nde ist mit einem 1,80 Meter hohen Zaun umgeben. Das eingez\u00e4unte Spielgel\u00e4nde ist ca. 1,3 Hektar gro\u00df und die Hunde k\u00f6nnen nach Herzenslust \u00fcber die Rasenfl\u00e4chen und zwischen den B\u00e4umen [&hellip;]<\/p>\n","protected":false},"author":2,"featured_media":0,"parent":0,"menu_order":0,"comment_status":"closed","ping_status":"closed","template":"","meta":{"footnotes":""},"class_list":["post-481","page","type-page","status-publish","hentry"],"_links":{"self":[{"href":"https:\/\/castraholidays.com\/de\/wp-json\/wp\/v2\/pages\/481","targetHints":{"allow":["GET"]}}],"collection":[{"href":"https:\/\/castraholidays.com\/de\/wp-json\/wp\/v2\/pages"}],"about":[{"href":"https:\/\/castraholidays.com\/de\/wp-json\/wp\/v2\/types\/page"}],"author":[{"embeddable":true,"href":"https:\/\/castraholidays.com\/de\/wp-json\/wp\/v2\/users\/2"}],"replies":[{"embeddable":true,"href":"https:\/\/castraholidays.com\/de\/wp-json\/wp\/v2\/comments?post=481"}],"version-history":[{"count":3,"href":"https:\/\/castraholidays.com\/de\/wp-json\/wp\/v2\/pages\/481\/revisions"}],"predecessor-version":[{"id":661,"href":"https:\/\/castraholidays.com\/de\/wp-json\/wp\/v2\/pages\/481\/revisions\/661"}],"wp:attachment":[{"href":"https:\/\/castraholidays.com\/de\/wp-json\/wp\/v2\/media?parent=481"}],"curies":[{"name":"wp","href":"https:\/\/api.w.org\/{rel}","templated":true}]}}