{"id":493,"date":"2025-03-31T14:54:00","date_gmt":"2025-03-31T14:54:00","guid":{"rendered":"https:\/\/castraholidays.com\/vermietung\/"},"modified":"2025-07-05T07:26:43","modified_gmt":"2025-07-05T07:26:43","slug":"vermietung","status":"publish","type":"page","link":"https:\/\/castraholidays.com\/de\/vermietung\/","title":{"rendered":"Vermietung"},"content":{"rendered":"\n<div class=\"wp-block-columns alignwide is-layout-flex wp-container-core-columns-is-layout-28f84493 wp-block-columns-is-layout-flex\">\n<div class=\"wp-block-column is-layout-flow wp-block-column-is-layout-flow\">\n<div class=\"wp-block-columns is-layout-flex wp-container-core-columns-is-layout-28f84493 wp-block-columns-is-layout-flex\">\n<div class=\"wp-block-column is-layout-flow wp-block-column-is-layout-flow\">\n<div class=\"wp-block-columns alignwide is-layout-flex wp-container-core-columns-is-layout-ac9ba9e0 wp-block-columns-is-layout-flex\" style=\"padding-top:var(--wp--preset--spacing--10);padding-bottom:var(--wp--preset--spacing--10)\">\n<div class=\"wp-block-column is-layout-flow wp-container-core-column-is-layout-b317c9ca wp-block-column-is-layout-flow\" style=\"padding-top:var(--wp--preset--spacing--10);padding-bottom:var(--wp--preset--spacing--10)\">\n<h2 class=\"wp-block-heading has-text-align-center is-style-default\">Ferienwohnungen<\/h2>\n\n\n\n<p class=\"has-text-align-center\">Wir bieten 3 ger\u00e4umige m\u00f6blierte Apartments, alle komplett m\u00f6bliert und ausgestattet mit Fernseher (auch niederl\u00e4ndische Kan\u00e4le), Internet, K\u00fchlschrank, Gefrierschrank, Geschirrsp\u00fcler (nicht das 2-Personen-Apartment), Elektroherd mit Dunstabzugshaube, Backofen, Kaffeemaschine und Wasserkocher.<br><br> Alle Wohnungen verf\u00fcgen \u00fcber einen privaten umz\u00e4unten Garten mit Terrasse, Bettw\u00e4sche wird ebenfalls gestellt und Sie m\u00fcssen keine eigene mitbringen.<br><br> Handt\u00fccher und Geschirrt\u00fccher sind nicht standardm\u00e4\u00dfig im Aufenthalt enthalten, hierf\u00fcr k\u00f6nnen Sie optional ein Handtuchpaket w\u00e4hlen oder Ihre eigenen Handt\u00fccher mitbringen.<\/p>\n<\/div>\n<\/div>\n<\/div>\n<\/div>\n<\/div>\n<\/div>\n\n\n\n<div class=\"wp-block-columns alignwide is-layout-flex wp-container-core-columns-is-layout-bf2b4bf5 wp-block-columns-is-layout-flex\" style=\"padding-top:var(--wp--preset--spacing--20);padding-right:0;padding-bottom:var(--wp--preset--spacing--20);padding-left:0\">\n<div class=\"wp-block-column is-layout-flow wp-block-column-is-layout-flow\">\n<h2 class=\"wp-block-heading has-text-align-center hostinger-ai-title has-dark-color has-text-color has-link-color has-x-large-font-size wp-elements-372bec8b081ec2a2a708bc1667652672\" style=\"margin-top:0;margin-right:0;margin-bottom:var(--wp--preset--spacing--20);margin-left:0\">Ferienwohnung 2 Personen<\/h2>\n\n\n\n<p class=\"has-text-align-left hostinger-ai-description has-dark-color has-text-color has-link-color has-medium-font-size wp-elements-45d927af82da44060691baf9a0207e1b\" style=\"margin-top:0;margin-bottom:0\"><br>Dieses Apartment bietet Platz f\u00fcr zwei Personen und ist ca. 70 m\u00b2 gro\u00df.<br><\/p>\n\n\n\n<p class=\"has-text-align-left hostinger-ai-description has-dark-color has-text-color has-link-color has-medium-font-size wp-elements-864b4882f89a61e038b3e7e383a7af4a\" style=\"margin-top:0;margin-bottom:0\">Die Wohnung verf\u00fcgt \u00fcber ein Schlafzimmer und ist mit einem Doppelbett und einem W\u00e4scheschrank ausgestattet.  <br><br>Das Badezimmer verf\u00fcgt \u00fcber eine ebenerdige Dusche, ein Waschbecken und eine Toilette. Die B\u00f6den sind im Schlafzimmer mit Teppichboden ausgelegt, im Flur mit Fliesen und in der Wohnk\u00fcche mit Laminat.   <br><br>Dieses Apartment ist, wie auch das 4-Personen-Apartment, \u00fcber das Treppenhaus erreichbar.<br><br><a href=\"#reserveren\"><strong>Klicken Sie hier, um eine Reservierung vorzunehmen<\/strong><\/a><br><br><strong>Verf\u00fcgbarkeit<\/strong><br><\/p>\n\n\n\n<div id=\"smoobuApartment2639058nl\" class=\"calendarWidget\"> <div class=\"calendarContent\" data-load-calendar-url=\"https:\/\/login.smoobu.com\/nl\/cockpit\/widget\/single-calendar\/2639058\" data-verification=\"425d53f818d085aa64aa035c1ee2cb42c12a43270b57bd472229a2602f581044\" data-baseurl=\"https:\/\/login.smoobu.com\" data-disable-css=\"false\"><\/div> <script type=\"text\/javascript\" src=\"https:\/\/login.smoobu.com\/js\/Apartment\/CalendarWidget.js\"><\/script><\/div>\n<\/div>\n\n\n\n<div class=\"wp-block-column is-vertically-aligned-center is-layout-flow wp-container-core-column-is-layout-e5ebdcd0 wp-block-column-is-layout-flow\" style=\"padding-top:0;padding-right:var(--wp--preset--spacing--10);padding-bottom:0;padding-left:var(--wp--preset--spacing--10)\">\n<figure class=\"wp-block-gallery has-nested-images columns-default is-cropped wp-block-gallery-1 is-layout-flex wp-block-gallery-is-layout-flex\">\n<figure class=\"wp-block-image size-full has-custom-border\"><img decoding=\"async\" data-id=\"228\" src=\"https:\/\/castraholidays.com\/wp-content\/uploads\/2025\/04\/20200326_113541-scaled-1.jpg\" alt=\"\" class=\"wp-image-228\" style=\"border-style:none;border-width:0px;border-radius:22px\"\/><\/figure>\n\n\n\n<figure class=\"wp-block-image size-full has-custom-border\"><img decoding=\"async\" data-id=\"229\" src=\"https:\/\/castraholidays.com\/wp-content\/uploads\/2025\/04\/20190218_133448-scaled.jpg\" alt=\"\" class=\"wp-image-229\" style=\"border-radius:22px\"\/><\/figure>\n\n\n\n<figure class=\"wp-block-image size-full has-custom-border\"><img decoding=\"async\" data-id=\"230\" src=\"https:\/\/castraholidays.com\/wp-content\/uploads\/2025\/04\/20201213_101848-scaled-1.jpg\" alt=\"\" class=\"wp-image-230\" style=\"border-radius:22px\"\/><\/figure>\n\n\n\n<figure class=\"wp-block-image size-full has-custom-border\"><img decoding=\"async\" data-id=\"232\" src=\"https:\/\/castraholidays.com\/wp-content\/uploads\/2025\/04\/20190218_133522-scaled.jpg\" alt=\"\" class=\"wp-image-232\" style=\"border-radius:22px\"\/><\/figure>\n\n\n\n<figure class=\"wp-block-image size-full has-custom-border\"><img decoding=\"async\" data-id=\"231\" src=\"https:\/\/castraholidays.com\/wp-content\/uploads\/2025\/04\/20200326_113551-scaled-1.jpg\" alt=\"\" class=\"wp-image-231\" style=\"border-radius:22px\"\/><\/figure>\n<\/figure>\n<\/div>\n<\/div>\n\n\n\n<div class=\"wp-block-columns alignwide is-layout-flex wp-container-core-columns-is-layout-ef350914 wp-block-columns-is-layout-flex\" style=\"padding-top:var(--wp--preset--spacing--30);padding-bottom:var(--wp--preset--spacing--30)\">\n<div class=\"wp-block-column is-layout-flow wp-block-column-is-layout-flow\" style=\"padding-top:0;padding-right:0;padding-bottom:0;padding-left:0\">\n<h2 class=\"wp-block-heading has-text-align-center hostinger-ai-title has-dark-color has-text-color has-link-color has-x-large-font-size wp-elements-ede00ed9cfb5c680543b73aed1e2ff5c\" style=\"margin-top:0;margin-right:0;margin-bottom:var(--wp--preset--spacing--20);margin-left:0\">Ferienwohnung 4 Personen<\/h2>\n\n\n\n<p class=\"has-text-align-left hostinger-ai-description has-dark-color has-text-color has-link-color has-medium-font-size wp-elements-4cd2d1d4cc7cfe1415d8eae25ede2d5e\" style=\"margin-top:0;margin-bottom:0\"><br>Dieses Apartment bietet Platz f\u00fcr vier Personen und ist ca. 100 m\u00b2 gro\u00df.<br><\/p>\n\n\n\n<p class=\"has-text-align-left hostinger-ai-description has-dark-color has-text-color has-link-color has-medium-font-size wp-elements-8ec8f13115a17315cd53f57370f42fca\" style=\"margin-top:0;margin-bottom:0\">Die Wohnung verf\u00fcgt \u00fcber zwei Schlafzimmer, beide mit einem Doppelbett und einem W\u00e4scheschrank.  <br><br>Das Badezimmer verf\u00fcgt \u00fcber eine ebenerdige Dusche und ein Waschbecken. Die Toilette verf\u00fcgt \u00fcber ein Waschbecken. Die B\u00f6den sind mit Laminat und Fliesen ausgestattet.  <br><br>Diese Wohnung ist \u00fcber das Treppenhaus erreichbar.<br><br><a href=\"#reserveren\"><strong>Klicken Sie hier, um eine Reservierung vorzunehmen<\/strong><\/a><\/p>\n\n\n\n<p class=\"has-text-align-left hostinger-ai-description has-dark-color has-text-color has-link-color has-medium-font-size wp-elements-92f12db72a50c68ea00821600c8fe690\" style=\"margin-top:0;margin-bottom:0\"><br><strong>Verf\u00fcgbarkeit<\/strong><br><\/p>\n\n\n\n<div id=\"smoobuApartment2639068nl\" class=\"calendarWidget\"> <div class=\"calendarContent\" data-load-calendar-url=\"https:\/\/login.smoobu.com\/nl\/cockpit\/widget\/single-calendar\/2639068\" data-verification=\"05823cc38907105eebb97ef89c86c01bff42ec120a98f63d808f5b009551770b\" data-baseurl=\"https:\/\/login.smoobu.com\" data-disable-css=\"false\"><\/div> <script type=\"text\/javascript\" src=\"https:\/\/login.smoobu.com\/js\/Apartment\/CalendarWidget.js\"><\/script><\/div>\n<\/div>\n\n\n\n<div class=\"wp-block-column is-vertically-aligned-center is-layout-flow wp-block-column-is-layout-flow\" style=\"padding-top:var(--wp--preset--spacing--20);padding-right:var(--wp--preset--spacing--10);padding-bottom:var(--wp--preset--spacing--20);padding-left:var(--wp--preset--spacing--10)\">\n<figure class=\"wp-block-gallery has-nested-images columns-default is-cropped wp-block-gallery-2 is-layout-flex wp-block-gallery-is-layout-flex\">\n<figure class=\"wp-block-image size-full has-custom-border\"><img loading=\"lazy\" decoding=\"async\" width=\"1915\" height=\"2560\" data-id=\"240\" src=\"https:\/\/castraholidays.com\/wp-content\/uploads\/2025\/04\/20221128_095734-scaled-1.jpg\" alt=\"\" class=\"wp-image-240\" style=\"border-radius:22px\" srcset=\"https:\/\/castraholidays.com\/wp-content\/uploads\/2025\/04\/20221128_095734-scaled-1.jpg 1915w, https:\/\/castraholidays.com\/wp-content\/uploads\/2025\/04\/20221128_095734-scaled-1-224x300.jpg 224w, https:\/\/castraholidays.com\/wp-content\/uploads\/2025\/04\/20221128_095734-scaled-1-766x1024.jpg 766w, https:\/\/castraholidays.com\/wp-content\/uploads\/2025\/04\/20221128_095734-scaled-1-768x1027.jpg 768w, https:\/\/castraholidays.com\/wp-content\/uploads\/2025\/04\/20221128_095734-scaled-1-1149x1536.jpg 1149w, https:\/\/castraholidays.com\/wp-content\/uploads\/2025\/04\/20221128_095734-scaled-1-1532x2048.jpg 1532w\" sizes=\"auto, (max-width: 1915px) 100vw, 1915px\" \/><\/figure>\n\n\n\n<figure class=\"wp-block-image size-full has-custom-border\"><img loading=\"lazy\" decoding=\"async\" width=\"1915\" height=\"2560\" data-id=\"241\" src=\"https:\/\/castraholidays.com\/wp-content\/uploads\/2025\/04\/20221128_095745-scaled-1.jpg\" alt=\"\" class=\"wp-image-241\" style=\"border-radius:22px\" srcset=\"https:\/\/castraholidays.com\/wp-content\/uploads\/2025\/04\/20221128_095745-scaled-1.jpg 1915w, https:\/\/castraholidays.com\/wp-content\/uploads\/2025\/04\/20221128_095745-scaled-1-224x300.jpg 224w, https:\/\/castraholidays.com\/wp-content\/uploads\/2025\/04\/20221128_095745-scaled-1-766x1024.jpg 766w, https:\/\/castraholidays.com\/wp-content\/uploads\/2025\/04\/20221128_095745-scaled-1-768x1027.jpg 768w, https:\/\/castraholidays.com\/wp-content\/uploads\/2025\/04\/20221128_095745-scaled-1-1149x1536.jpg 1149w, https:\/\/castraholidays.com\/wp-content\/uploads\/2025\/04\/20221128_095745-scaled-1-1532x2048.jpg 1532w\" sizes=\"auto, (max-width: 1915px) 100vw, 1915px\" \/><\/figure>\n\n\n\n<figure class=\"wp-block-image size-full has-custom-border\"><img loading=\"lazy\" decoding=\"async\" width=\"800\" height=\"559\" data-id=\"242\" src=\"https:\/\/castraholidays.com\/wp-content\/uploads\/2025\/04\/DSC_1294k.jpg\" alt=\"\" class=\"wp-image-242\" style=\"border-radius:22px\" srcset=\"https:\/\/castraholidays.com\/wp-content\/uploads\/2025\/04\/DSC_1294k.jpg 800w, https:\/\/castraholidays.com\/wp-content\/uploads\/2025\/04\/DSC_1294k-300x210.jpg 300w, https:\/\/castraholidays.com\/wp-content\/uploads\/2025\/04\/DSC_1294k-768x537.jpg 768w\" sizes=\"auto, (max-width: 800px) 100vw, 800px\" \/><\/figure>\n\n\n\n<figure class=\"wp-block-image size-full has-custom-border\"><img loading=\"lazy\" decoding=\"async\" width=\"800\" height=\"531\" data-id=\"243\" src=\"https:\/\/castraholidays.com\/wp-content\/uploads\/2025\/04\/DSC_1308k.jpg\" alt=\"\" class=\"wp-image-243\" style=\"border-radius:22px\" srcset=\"https:\/\/castraholidays.com\/wp-content\/uploads\/2025\/04\/DSC_1308k.jpg 800w, https:\/\/castraholidays.com\/wp-content\/uploads\/2025\/04\/DSC_1308k-300x199.jpg 300w, https:\/\/castraholidays.com\/wp-content\/uploads\/2025\/04\/DSC_1308k-768x510.jpg 768w\" sizes=\"auto, (max-width: 800px) 100vw, 800px\" \/><\/figure>\n\n\n\n<figure class=\"wp-block-image size-full has-custom-border\"><img decoding=\"async\" data-id=\"244\" src=\"https:\/\/castraholidays.com\/wp-content\/uploads\/2025\/04\/DSC_1361k.jpg\" alt=\"\" class=\"wp-image-244\" style=\"border-radius:22px\"\/><\/figure>\n<\/figure>\n<\/div>\n<\/div>\n\n\n\n<div class=\"wp-block-columns alignwide is-layout-flex wp-container-core-columns-is-layout-8162c988 wp-block-columns-is-layout-flex\" style=\"padding-top:var(--wp--preset--spacing--30);padding-bottom:var(--wp--preset--spacing--30)\">\n<div class=\"wp-block-column is-layout-flow wp-block-column-is-layout-flow\">\n<h2 class=\"wp-block-heading has-text-align-center hostinger-ai-title has-dark-color has-text-color has-link-color has-x-large-font-size wp-elements-574dc75ffc7d7a54672c0c1422b59e95\" style=\"margin-top:0;margin-right:0;margin-bottom:var(--wp--preset--spacing--20);margin-left:0\">Ferienwohnung 6 Personen<\/h2>\n\n\n\n<p class=\"has-text-align-left hostinger-ai-description has-dark-color has-text-color has-link-color has-medium-font-size wp-elements-96bc445ce65b9d731856c4558d68c2cb\" style=\"margin-top:0;margin-bottom:0\"><br>Dieses Apartment bietet Platz f\u00fcr f\u00fcnf\/sechs Personen und ist ca. 115 m\u00b2 gro\u00df.<br><\/p>\n\n\n\n<p class=\"has-text-align-left hostinger-ai-description has-dark-color has-text-color has-link-color has-medium-font-size wp-elements-99230450b89ce934d21b8f81077cc548\" style=\"margin-top:0;margin-bottom:0\">Die Wohnung verf\u00fcgt \u00fcber drei Schlafzimmer, alle mit einem Doppelbett.<br><br>Alle Schlafzimmer verf\u00fcgen \u00fcber W\u00e4scheschr\u00e4nke. Das Badezimmer verf\u00fcgt \u00fcber eine ger\u00e4umige ebenerdige Dusche mit Waschbecken und Toilette. Au\u00dferdem gibt es eine separate Toilette mit Waschbecken. Die B\u00f6den sind mit Laminat und Fliesen ausgestattet. <br><br>Diese Wohnung ist \u00fcber die Gartent\u00fcren auch f\u00fcr Behinderte zug\u00e4nglich.<br><br><a href=\"#reserveren\"><strong>Klicken Sie hier, um eine Reservierung vorzunehmen<\/strong><\/a><br><br><strong>Verf\u00fcgbarkeit<\/strong><br><\/p>\n\n\n\n<div id=\"smoobuApartment2639073nl\" class=\"calendarWidget\"> <div class=\"calendarContent\" data-load-calendar-url=\"https:\/\/login.smoobu.com\/nl\/cockpit\/widget\/single-calendar\/2639073\" data-verification=\"02541c43d9be1f0fd963c7792a302736bfc2e0ae2fe2070f77f7f5d872a9fab5\" data-baseurl=\"https:\/\/login.smoobu.com\" data-disable-css=\"false\"><\/div> <script type=\"text\/javascript\" src=\"https:\/\/login.smoobu.com\/js\/Apartment\/CalendarWidget.js\"><\/script><\/div>\n<\/div>\n\n\n\n<div class=\"wp-block-column is-vertically-aligned-center is-layout-flow wp-block-column-is-layout-flow\" style=\"padding-top:var(--wp--preset--spacing--20);padding-bottom:var(--wp--preset--spacing--20)\">\n<figure class=\"wp-block-gallery has-nested-images columns-default is-cropped wp-block-gallery-3 is-layout-flex wp-block-gallery-is-layout-flex\" style=\"border-style:none;border-width:0px\">\n<figure class=\"wp-block-image size-full has-custom-border\" style=\"margin-top:0;margin-bottom:0\"><img decoding=\"async\" data-id=\"235\" src=\"https:\/\/castraholidays.com\/wp-content\/uploads\/2025\/04\/20221202_131759_resized.jpg\" alt=\"\" class=\"wp-image-235\" style=\"border-radius:22px\"\/><\/figure>\n\n\n\n<figure class=\"wp-block-image size-full has-custom-border\"><img decoding=\"async\" data-id=\"237\" src=\"https:\/\/castraholidays.com\/wp-content\/uploads\/2025\/04\/DSC_1481k.jpg\" alt=\"\" class=\"wp-image-237\" style=\"border-radius:22px\"\/><\/figure>\n\n\n\n<figure class=\"wp-block-image size-full has-custom-border\"><img decoding=\"async\" data-id=\"239\" src=\"https:\/\/castraholidays.com\/wp-content\/uploads\/2025\/04\/DSC_1492k.jpg\" alt=\"\" class=\"wp-image-239\" style=\"border-radius:22px\"\/><\/figure>\n\n\n\n<figure class=\"wp-block-image size-full has-custom-border\"><img decoding=\"async\" data-id=\"238\" src=\"https:\/\/castraholidays.com\/wp-content\/uploads\/2025\/04\/DSC_1506k.jpg\" alt=\"\" class=\"wp-image-238\" style=\"border-radius:22px\"\/><\/figure>\n\n\n\n<figure class=\"wp-block-image size-full has-custom-border\"><img decoding=\"async\" data-id=\"236\" src=\"https:\/\/castraholidays.com\/wp-content\/uploads\/2025\/04\/DSC_1580k.jpg\" alt=\"\" class=\"wp-image-236\" style=\"border-radius:22px\"\/><\/figure>\n<\/figure>\n<\/div>\n<\/div>\n\n\n\n<div class=\"wp-block-columns alignwide is-layout-flex wp-container-core-columns-is-layout-28b55a6e wp-block-columns-is-layout-flex\" style=\"padding-top:var(--wp--preset--spacing--10);padding-bottom:var(--wp--preset--spacing--10)\">\n<div class=\"wp-block-column is-layout-flow wp-block-column-is-layout-flow\">\n<div class=\"wp-block-columns is-layout-flex wp-container-core-columns-is-layout-28f84493 wp-block-columns-is-layout-flex\">\n<div class=\"wp-block-column is-layout-flow wp-container-core-column-is-layout-b317c9ca wp-block-column-is-layout-flow\" style=\"padding-top:var(--wp--preset--spacing--10);padding-bottom:var(--wp--preset--spacing--10)\">\n<h2 class=\"wp-block-heading has-text-align-center\">Buchen<\/h2>\n\n\n\n<p class=\"has-text-align-center\">Geben Sie unten Ihre Aufenthaltsdaten ein und Sie sehen sofort, welche Apartments noch verf\u00fcgbar sind. Sollten Sie nicht buchen k\u00f6nnen oder Fragen haben, z\u00f6gern Sie bitte nicht, <a href=\"https:\/\/castraholidays.com\/de\/kontakt\/\" data-type=\"page\" data-id=\"16\">uns zu kontaktieren.<\/a><br><br><\/p>\n<\/div>\n<\/div>\n<\/div>\n<\/div>\n\n\n\n<div class=\"wp-block-columns is-layout-flex wp-container-core-columns-is-layout-28f84493 wp-block-columns-is-layout-flex\">\n<div class=\"wp-block-column is-layout-flow wp-block-column-is-layout-flow\" id=\"reserveren\">\n<div id=\"apartmentIframeAll\">\n<script type=\"text\/javascript\" src=\"https:\/\/login.smoobu.com\/js\/Settings\/BookingToolIframe.js\"><\/script>\n<script>BookingToolIframe.initialize({\"url\": \"https:\/\/login.smoobu.com\/nl\/booking-tool\/iframe\/1180083\", \"baseUrl\": \"https:\/\/login.smoobu.com\", \"target\": \"#apartmentIframeAll\"})<\/script>\n<\/div>\n<\/div>\n<\/div>\n","protected":false},"excerpt":{"rendered":"<p>Ferienwohnungen Wir bieten 3 ger\u00e4umige m\u00f6blierte Apartments, alle komplett m\u00f6bliert und ausgestattet mit Fernseher (auch niederl\u00e4ndische Kan\u00e4le), Internet, K\u00fchlschrank, Gefrierschrank, Geschirrsp\u00fcler (nicht das 2-Personen-Apartment), Elektroherd mit Dunstabzugshaube, Backofen, Kaffeemaschine und Wasserkocher. Alle Wohnungen verf\u00fcgen \u00fcber einen privaten umz\u00e4unten Garten mit Terrasse, Bettw\u00e4sche wird ebenfalls gestellt und Sie m\u00fcssen keine eigene mitbringen. Handt\u00fccher und Geschirrt\u00fccher sind [&hellip;]<\/p>\n","protected":false},"author":2,"featured_media":0,"parent":0,"menu_order":0,"comment_status":"closed","ping_status":"closed","template":"","meta":{"footnotes":""},"class_list":["post-493","page","type-page","status-publish","hentry"],"_links":{"self":[{"href":"https:\/\/castraholidays.com\/de\/wp-json\/wp\/v2\/pages\/493","targetHints":{"allow":["GET"]}}],"collection":[{"href":"https:\/\/castraholidays.com\/de\/wp-json\/wp\/v2\/pages"}],"about":[{"href":"https:\/\/castraholidays.com\/de\/wp-json\/wp\/v2\/types\/page"}],"author":[{"embeddable":true,"href":"https:\/\/castraholidays.com\/de\/wp-json\/wp\/v2\/users\/2"}],"replies":[{"embeddable":true,"href":"https:\/\/castraholidays.com\/de\/wp-json\/wp\/v2\/comments?post=493"}],"version-history":[{"count":3,"href":"https:\/\/castraholidays.com\/de\/wp-json\/wp\/v2\/pages\/493\/revisions"}],"predecessor-version":[{"id":691,"href":"https:\/\/castraholidays.com\/de\/wp-json\/wp\/v2\/pages\/493\/revisions\/691"}],"wp:attachment":[{"href":"https:\/\/castraholidays.com\/de\/wp-json\/wp\/v2\/media?parent=493"}],"curies":[{"name":"wp","href":"https:\/\/api.w.org\/{rel}","templated":true}]}}