{"id":515,"date":"2025-03-30T10:45:07","date_gmt":"2025-03-30T10:45:07","guid":{"rendered":"https:\/\/castraholidays.com\/datenschutz\/"},"modified":"2025-05-24T13:46:25","modified_gmt":"2025-05-24T13:46:25","slug":"datenschutz","status":"publish","type":"page","link":"https:\/\/castraholidays.com\/de\/datenschutz\/","title":{"rendered":"Datenschutz"},"content":{"rendered":"\n<h2 class=\"wp-block-heading alignwide has-text-align-center is-style-default\" style=\"border-style:none;border-width:0px\">Datenschutzrichtlinie<\/h2>\n\n<div class=\"wp-block-columns alignwide is-layout-flex wp-container-core-columns-is-layout-28f84493 wp-block-columns-is-layout-flex\">\n<div class=\"wp-block-column is-layout-flow wp-container-core-column-is-layout-1dde1ae0 wp-block-column-is-layout-flow\" style=\"padding-top:var(--wp--preset--spacing--10);padding-bottom:var(--wp--preset--spacing--10)\">\n<p>Verantwortlich f\u00fcr die Verarbeitung personenbezogener Daten gem\u00e4\u00df dieser Datenschutzerkl\u00e4rung ist die Castra Holidays GmbH mit Sitz in der Dorfstrasse 50b in Pfaffschwende.<br\/><\/p>\n\n\n\n<p><strong>Kontaktinformationen:<\/strong><br\/> Castra Holidays GmbH<br\/> Dorfstrasse 50b<br\/> 37308 Pfaffschwende<br\/> info@castraholidays.com<br\/><\/p>\n\n\n\n<p><strong>Personenbezogene Daten, die wir verarbeiten<\/strong><br\/> Die Castra Holidays GmbH verarbeitet Ihre personenbezogenen Daten, weil Sie unsere Dienste nutzen und\/oder weil Sie uns diese selbst zur Verf\u00fcgung stellen.<br\/> Nachfolgend finden Sie eine \u00dcbersicht \u00fcber die personenbezogenen Daten, die wir verarbeiten:<br\/> \u2022 Vor- und Nachname<br\/> \u2022 Adressdaten<br\/> \u2022 Telefonnummer<br\/> \u2022 E-Mail-Adresse<br\/><\/p>\n\n\n\n<p><strong>Besondere und\/oder sensible personenbezogene Daten, die wir verarbeiten<\/strong><br\/> Unsere Website und\/oder unser Dienst beabsichtigen nicht, Daten \u00fcber Website-Besucher zu sammeln, die j\u00fcnger als 16 Jahre sind. Es sei denn, sie haben die Erlaubnis ihrer Eltern oder Erziehungsberechtigten. Wir k\u00f6nnen jedoch nicht \u00fcberpr\u00fcfen, ob ein Besucher \u00e4lter als 16 Jahre ist. Wir empfehlen Eltern daher, die Online-Aktivit\u00e4ten ihrer Kinder im Auge zu behalten, um zu verhindern, dass Daten \u00fcber Kinder ohne Zustimmung der Eltern gesammelt werden. Wenn Sie der Meinung sind, dass wir ohne eine solche Zustimmung personenbezogene Daten eines Minderj\u00e4hrigen erfasst haben, kontaktieren Sie uns bitte unter <a href=\"mailto:info@droomvilla.nl\">info@castraholidays.com<\/a> und wir werden diese Daten l\u00f6schen.    <br\/><\/p>\n\n\n\n<p><strong>Die Castra Holidays GmbH verarbeitet Ihre personenbezogenen Daten zu folgenden Zwecken:<\/strong><br\/> \u2022 Bearbeitung Ihrer Zahlung<br\/> \u2022 Um Sie anrufen oder Ihnen eine E-Mail senden zu k\u00f6nnen, wenn dies zur Erbringung unserer Dienstleistungen erforderlich ist<br\/> \u2022 Um Sie \u00fcber \u00c4nderungen unserer Dienstleistungen und Produkte zu informieren<br\/> \u2022 Die Castra Holidays GmbH verarbeitet personenbezogene Daten auch dann, wenn wir hierzu gesetzlich verpflichtet sind, beispielsweise Daten, die wir f\u00fcr unsere Steuererkl\u00e4rung ben\u00f6tigen.<br\/><\/p>\n\n\n\n<p><strong>Automatisierte Entscheidungsfindung<\/strong><br\/> Castra Holidays GmbH trifft keine Entscheidungen auf der Grundlage automatisierter Verarbeitungen in Angelegenheiten, die (erhebliche) Folgen f\u00fcr Personen haben k\u00f6nnten. Dabei handelt es sich um Entscheidungen, die von Computerprogrammen oder -systemen getroffen werden, ohne dass ein Mensch (beispielsweise ein Mitarbeiter der Castra Holidays GmbH) daran beteiligt ist. <br\/><\/p>\n\n\n\n<p><strong>Wie lange speichern wir personenbezogene Daten?<\/strong><br\/> Castra Holidays GmbH speichert Ihre personenbezogenen Daten nicht l\u00e4nger als unbedingt erforderlich, um die Zwecke zu erreichen, f\u00fcr die Ihre Daten erhoben werden. F\u00fcr die folgenden (Kategorien) personenbezogenen Daten verwenden wir die folgenden Aufbewahrungsfristen:<br\/> \u2022 Allgemein: Die Aufbewahrungsfrist ist nicht l\u00e4nger als unbedingt notwendig, um Ihre Anfrage\/Frage zu beantworten und\/oder zu bearbeiten.<br\/> \u2022 Reservierung: Aufbewahrungsfrist mindestens 7 Jahre nach der endg\u00fcltigen Reservierung (aufgrund gesetzlicher Verwaltungspflichten).<br\/> \u2022 Newsletter: Speicherdauer unbestimmt bzw. bis zur Aufforderung zur L\u00f6schung. <br\/><\/p>\n\n\n\n<p><strong>Cookies oder \u00e4hnliche Techniken, die wir verwenden<\/strong><br\/> Castra Holidays GmbH verwendet ausschlie\u00dflich technische und funktionale Cookies. Und analytische Cookies, die Ihre Privatsph\u00e4re nicht verletzen. Ein Cookie ist eine kleine Textdatei, die bei Ihrem ersten Besuch dieser Website auf Ihrem Computer, Tablet oder Smartphone gespeichert wird. Die von uns verwendeten Cookies sind f\u00fcr das technische Funktionieren der Website und Ihren Nutzungskomfort erforderlich. Sie sorgen daf\u00fcr, dass die Website ordnungsgem\u00e4\u00df funktioniert und merken sich beispielsweise Ihre Pr\u00e4ferenzen. Dar\u00fcber hinaus k\u00f6nnen wir hierdurch auch unsere Website optimieren. Sie k\u00f6nnen die Verwendung von Cookies ablehnen, indem Sie Ihren Internetbrowser so einstellen, dass keine Cookies mehr gespeichert werden. Dar\u00fcber hinaus k\u00f6nnen Sie \u00fcber Ihre Browsereinstellungen auch alle zuvor gespeicherten Informationen l\u00f6schen.       <br\/><\/p>\n\n\n\n<p><strong>Google Analytics<\/strong><br\/> Castra Holidays GmbH verwendet Google Analytics, um Daten zu sammeln, die Aufschluss \u00fcber die Nutzung der Website geben. Um diese Daten so weit wie m\u00f6glich zu anonymisieren, wurden folgende Ma\u00dfnahmen ergriffen:<br\/> \u2022 Datenschutzfreundliche Einrichtung von Google Analytics<br\/> \u2022 Mit Google abgeschlossene Auftragsverarbeitungsvereinbarung<br\/> \u2022 Die letzten Ziffern Ihrer IP-Adresse werden maskiert<br\/> Google kann diese Informationen an Dritte weitergeben, wenn Google dazu gesetzlich verpflichtet ist oder soweit diese Dritten die Informationen im Auftrag von Google verarbeiten. Die Castra Holidays GmbH hat hierauf keinen Einfluss.  <br\/><\/p>\n\n\n\n<p><strong>Daten anzeigen, \u00e4ndern oder l\u00f6schen<\/strong><br\/> Sie haben das Recht, Ihre personenbezogenen Daten einzusehen, zu korrigieren oder zu l\u00f6schen. Dar\u00fcber hinaus haben Sie das Recht, Ihre Einwilligung zur Datenverarbeitung zu widerrufen oder der Verarbeitung Ihrer personenbezogenen Daten durch Castra Holidays GmbH zu widersprechen und Sie haben das Recht auf Daten\u00fcbertragbarkeit. Dies bedeutet, dass Sie bei uns eine Anfrage einreichen k\u00f6nnen, um die personenbezogenen Daten, die wir \u00fcber Sie in einer Computerdatei gespeichert haben, an Sie oder eine andere von Ihnen benannte Organisation zu senden.<br\/> Sie k\u00f6nnen eine Anfrage auf Zugriff, Korrektur, L\u00f6schung, Daten\u00fcbertragung Ihrer personenbezogenen Daten oder einen Antrag auf Widerruf Ihrer Einwilligung oder einen Widerspruch gegen die Verarbeitung Ihrer personenbezogenen Daten an <a href=\"mailto:info@droomvilla.nl\">info@castraholidays.com<\/a> senden.<br\/> Um sicherzustellen, dass die Zugriffsanfrage von Ihnen gestellt wurde, bitten wir Sie, der Anfrage eine Kopie Ihres Identit\u00e4tsnachweises beizuf\u00fcgen. Schw\u00e4rzen Sie in dieser Kopie Ihr Passfoto, die MRZ (maschinenlesbare Zone, der Streifen mit den Nummern am unteren Rand des Passes), die Passnummer und die B\u00fcrgerservicenummer (BSN). Dies dient dem Schutz Ihrer Privatsph\u00e4re. Wir werden Ihre Anfrage schnellstm\u00f6glich, sp\u00e4testens jedoch innerhalb von vier Wochen beantworten.<br\/> Castra Holidays GmbH weist Sie au\u00dferdem darauf hin, dass Sie die M\u00f6glichkeit haben, bei der nationalen Aufsichtsbeh\u00f6rde, der niederl\u00e4ndischen Datenschutzbeh\u00f6rde, Beschwerde einzulegen. Dies ist \u00fcber den folgenden Link m\u00f6glich: <a href=\"https:\/\/autoriteitpersoonsgegevens.nl\/een-tip-of-klacht-indienen-bij-de-ap\">https:\/\/autoriteitpersoonsgegevens.nl\/een-tip-of-klacht-indienen-bij-de-ap<\/a>      <br\/><\/p>\n\n\n\n<p><strong>Wie wir personenbezogene Daten sch\u00fctzen<\/strong><br\/> Castra Holidays GmbH nimmt den Schutz Ihrer Daten ernst und ergreift geeignete Ma\u00dfnahmen, um Missbrauch, Verlust, unbefugten Zugriff, unerw\u00fcnschte Offenlegung und unbefugte \u00c4nderung zu verhindern. Wenn Sie den Eindruck haben, dass Ihre Daten nicht ausreichend gesch\u00fctzt sind oder Hinweise auf Missbrauch vorliegen, wenden Sie sich bitte an unseren Kundenservice oder per E-Mail an   <a href=\"mailto:info@droomvilla.nl\"><\/a><a href=\"mailto:info@droomvilla.nl\">info@castraholidays.com<\/a> .<\/p>\n<\/div>\n<\/div>\n","protected":false},"excerpt":{"rendered":"<p>Datenschutzrichtlinie Verantwortlich f\u00fcr die Verarbeitung personenbezogener Daten gem\u00e4\u00df dieser Datenschutzerkl\u00e4rung ist die Castra Holidays GmbH mit Sitz in der Dorfstrasse 50b in Pfaffschwende. Kontaktinformationen: Castra Holidays GmbH Dorfstrasse 50b 37308 Pfaffschwende info@castraholidays.com Personenbezogene Daten, die wir verarbeiten Die Castra Holidays GmbH verarbeitet Ihre personenbezogenen Daten, weil Sie unsere Dienste nutzen und\/oder weil Sie uns diese [&hellip;]<\/p>\n","protected":false},"author":2,"featured_media":0,"parent":0,"menu_order":0,"comment_status":"closed","ping_status":"open","template":"","meta":{"footnotes":""},"class_list":["post-515","page","type-page","status-publish","hentry"],"_links":{"self":[{"href":"https:\/\/castraholidays.com\/de\/wp-json\/wp\/v2\/pages\/515","targetHints":{"allow":["GET"]}}],"collection":[{"href":"https:\/\/castraholidays.com\/de\/wp-json\/wp\/v2\/pages"}],"about":[{"href":"https:\/\/castraholidays.com\/de\/wp-json\/wp\/v2\/types\/page"}],"author":[{"embeddable":true,"href":"https:\/\/castraholidays.com\/de\/wp-json\/wp\/v2\/users\/2"}],"replies":[{"embeddable":true,"href":"https:\/\/castraholidays.com\/de\/wp-json\/wp\/v2\/comments?post=515"}],"version-history":[{"count":2,"href":"https:\/\/castraholidays.com\/de\/wp-json\/wp\/v2\/pages\/515\/revisions"}],"predecessor-version":[{"id":622,"href":"https:\/\/castraholidays.com\/de\/wp-json\/wp\/v2\/pages\/515\/revisions\/622"}],"wp:attachment":[{"href":"https:\/\/castraholidays.com\/de\/wp-json\/wp\/v2\/media?parent=515"}],"curies":[{"name":"wp","href":"https:\/\/api.w.org\/{rel}","templated":true}]}}