{"id":519,"date":"2025-04-06T09:51:11","date_gmt":"2025-04-06T09:51:11","guid":{"rendered":"https:\/\/castraholidays.com\/allgemeine-geschaeftsbedingungen\/"},"modified":"2025-05-24T13:46:29","modified_gmt":"2025-05-24T13:46:29","slug":"allgemeine-geschaeftsbedingungen","status":"publish","type":"page","link":"https:\/\/castraholidays.com\/de\/allgemeine-geschaeftsbedingungen\/","title":{"rendered":"Allgemeine Gesch\u00e4ftsbedingungen"},"content":{"rendered":"\n<p><\/p>\n\n<div class=\"wp-block-columns alignwide is-layout-flex wp-container-core-columns-is-layout-28b55a6e wp-block-columns-is-layout-flex\" style=\"padding-top:var(--wp--preset--spacing--10);padding-bottom:var(--wp--preset--spacing--10)\">\n<div class=\"wp-block-column is-layout-flow wp-block-column-is-layout-flow\" style=\"padding-top:var(--wp--preset--spacing--10);padding-bottom:var(--wp--preset--spacing--10)\">\n<h2 class=\"wp-block-heading has-text-align-center\">Castra Holidays GmbH<br\/> Allgemeine Gesch\u00e4ftsbedingungen<\/h2>\n<\/div>\n<\/div>\n\n<div class=\"wp-block-group alignwide has-global-padding is-layout-constrained wp-block-group-is-layout-constrained\">\n<div class=\"wp-block-columns alignwide is-layout-flex wp-container-core-columns-is-layout-28f84493 wp-block-columns-is-layout-flex\">\n<div class=\"wp-block-column is-layout-flow wp-block-column-is-layout-flow\">\n<p><\/p>\n<\/div>\n<\/div>\n<\/div>\n\n<div class=\"wp-block-columns alignwide is-layout-flex wp-container-core-columns-is-layout-28f84493 wp-block-columns-is-layout-flex\">\n<div class=\"wp-block-column is-layout-flow wp-block-column-is-layout-flow\">\n<p><strong>Artikel 1: Definitionen<\/strong><br\/><br\/>In diesen Gesch\u00e4ftsbedingungen haben die folgenden Begriffe die folgende Bedeutung:<br\/><br\/>A. Ferienunterk\u00fcnfte: Zelt, Faltcaravan, Wohnmobil, (statischer) Wohnwagen, Bungalow, Gartenhaus, Appartement, Wanderh\u00fctte und<br\/> solch;<br\/> B. Castra Holidays GmbH: das Unternehmen, die Institution oder der Verein, der dem Urlauber die Ferienunterkunft zur Verf\u00fcgung stellt;<br\/> C. Urlauber: die Person, die mit der Castra Holidays GmbH den Vertrag \u00fcber die Ferienunterk\u00fcnfte abschlie\u00dft;<br\/> D. Mitfreizeitsportler: die Person(en), die auch in der Vereinbarung aufgef\u00fchrt sind;<br\/> e. Drittens: jede andere Person au\u00dfer dem Urlauber und\/oder seinen Miturlaubern;<br\/> F. Vereinbarter Preis: die f\u00fcr die Nutzung der Ferienunterkunft gezahlte Geb\u00fchr.<br\/> G. Kosten: s\u00e4mtliche Kosten, die dem Unternehmer mit dem Betrieb des Freizeitunternehmens entstehen;<br\/> H. Informationen: schriftliche\/elektronische Daten \u00fcber die Nutzung des Ferienhauses, der Einrichtungen und der<br\/> Aufenthaltsbestimmungen;<br\/> ich. Stornierung: die schriftliche K\u00fcndigung des Vertrags durch den Urlauber vor dem Datum des Inkrafttretens des<br\/> bleiben.<br\/> J. Ein Streitfall: Wenn eine schriftliche Beschwerde des Urlaubers bei der Castra Holidays GmbH nicht zur Zufriedenheit der Parteien gel\u00f6st werden konnte.<br\/> aufgel\u00f6st.          <br\/><br\/><strong>Artikel 2: Inhalt der Vereinbarung<\/strong><\/p>\n\n\n\n<ul start=\"1\" class=\"wp-block-list\">\n<li>Die Castra Holidays GmbH stellt dem Urlauber das Ferienhaus zu Erholungszwecken, also nicht zum dauerhaften Wohnen zur Verf\u00fcgung.<br\/> eine Ferienunterkunft der vereinbarten Art oder Art, f\u00fcr den vereinbarten Zeitraum und zum vereinbarten Preis.<\/li>\n\n\n\n<li>Die Castra Holidays GmbH ist verpflichtet, dem Urlauber die schriftlichen Informationen, auf deren Grundlage dieser Vertrag auch zustande kommt, vorab (digital) zur Verf\u00fcgung zu stellen. Der Unternehmer wird den Urlauber \u00fcber etwaige \u00c4nderungen stets rechtzeitig schriftlich informieren. <\/li>\n\n\n\n<li>Weichen die ge\u00e4nderten Informationen erheblich von den bei Vertragsabschluss gemachten Angaben ab, hat der Urlauber das Recht, den Vertrag kostenfrei zu k\u00fcndigen.<\/li>\n\n\n\n<li>Der Urlauber ist verpflichtet, den Vertrag und die dazugeh\u00f6rigen Informationen einzuhalten. Er stellt sicher, dass Miturlauber und\/oder Dritte, die ihn besuchen und\/oder bei ihm \u00fcbernachten, den Vertrag und die dazugeh\u00f6rigen Informationen einhalten. <\/li>\n\n\n\n<li>Wenn die Bestimmungen des Vertrages voneinander abweichen oder l\u00fcckenhaft sind. Unber\u00fchrt hiervon bleibt die M\u00f6glichkeit zwischen dem Urlauber und der Castra Holidays GmbH, individuelle Zusatzvereinbarungen zu treffen, durch die von diesen Bedingungen zugunsten der Castra Holidays GmbH abgewichen wird. <br\/><br\/><strong>Artikel 3: Dauer und K\u00fcndigung des Vertrags<\/strong><br\/> Der Vertrag endet automatisch nach Ablauf der vereinbarten Laufzeit, ohne dass es einer K\u00fcndigung bedarf.<br\/><br\/><strong>Artikel 4: Preis und Preis\u00e4nderungen<\/strong><\/li>\n\n\n\n<li>Als Grundlage f\u00fcr die Preisvereinbarung gelten die jeweils g\u00fcltigen Tarife der Castra Holidays GmbH.<\/li>\n\n\n\n<li>Entstehen nach Festsetzung des vereinbarten Preises Mehrkosten durch eine Erh\u00f6hung der Abgaben seitens der Castra Holidays GmbH infolge einer \u00c4nderung von Geb\u00fchren und\/oder Abgaben, die die Ferienunterkunft oder den Urlauber unmittelbar betreffen, k\u00f6nnen diese auch nach Vertragsabschluss an den Urlauber weiterberechnet werden.<br\/><br\/> <strong>Artikel 5: Zahlung<\/strong><\/li>\n\n\n\n<li>Der Urlauber hat die Zahlungen, sofern nichts anderes vereinbart ist, in Euro gem\u00e4\u00df den vereinbarten Konditionen zu leisten.<\/li>\n\n\n\n<li>Bei Buchung ist vom Urlauber eine Anzahlung in H\u00f6he von 50 % des vereinbarten Preises zu leisten.<\/li>\n\n\n\n<li>Kommt der Urlauber trotz vorheriger schriftlicher Mahnung seiner Zahlungsverpflichtung nicht oder nicht ordnungsgem\u00e4\u00df innerhalb einer Frist von zwei Wochen nach der schriftlichen Mahnung nach, ist die Castra Holidays GmbH berechtigt, den Vertrag mit sofortiger Wirkung zu k\u00fcndigen, unbeschadet des Anspruchs der Castra Holidays GmbH auf vollst\u00e4ndige Bezahlung des vereinbarten Preises.<\/li>\n\n\n\n<li>Liegt der Castra Holidays GmbH der gesamte f\u00e4llige Betrag 8 Wochen vor Anreise nicht vor, ist sie berechtigt, dem Urlauber den Zugang zur Ferienunterkunft zu verweigern bzw. die Reservierung zu stornieren, unbeschadet des Anspruchs der Castra Holidays GmbH auf vollst\u00e4ndige Bezahlung des vereinbarten Preises.<\/li>\n\n\n\n<li>Etwaige der Castra Holidays GmbH nach Inverzugsetzung entstehende au\u00dfergerichtliche Kosten gehen zu Lasten des Urlaubers. Bei nicht fristgerechter Zahlung des Gesamtbetrages werden nach schriftlicher Mahnung die gesetzlichen Zinsen auf den ausstehenden Betrag erhoben. <br\/><br\/><strong>Artikel 6: Stornierung<\/strong><\/li>\n\n\n\n<li>Im Falle einer Stornierung zahlt der Urlauber eine Entsch\u00e4digung an die Castra Holidays GmbH. Dies entspricht: <\/li>\n<\/ul>\n\n\n\n<ul class=\"wp-block-list\">\n<li>bei einer Stornierung mehr als drei Monate vor dem Beginndatum 20 % des vereinbarten Preises;<\/li>\n\n\n\n<li>bei einer Stornierung innerhalb von zwei bis drei Monaten vor dem Starttermin 75 % des vereinbarten Preises;<\/li>\n\n\n\n<li>bei einer Stornierung innerhalb von ein bis zwei Monaten vor Beginn 90 % des vereinbarten Preises;<\/li>\n\n\n\n<li>bei Stornierung innerhalb einer Woche vor Beginn 100 % des vereinbarten Preises.<\/li>\n<\/ul>\n\n\n\n<ul start=\"1\" class=\"wp-block-list\">\n<li>Die Geb\u00fchr wird anteilig, abz\u00fcglich der Verwaltungskosten, zur\u00fcckerstattet, wenn der Platz auf Empfehlung des Urlaubers und mit schriftlicher Zustimmung der Castra Holidays GmbH f\u00fcr den gleichen Zeitraum oder einen Teil davon durch Dritte reserviert wird.<br\/><br\/> <strong>Artikel 7: Nutzung durch Dritte<\/strong><\/li>\n\n\n\n<li>Eine Nutzung der Ferienunterkunft durch Dritte ist nur mit schriftlicher Zustimmung der Castra Holidays GmbH gestattet.<\/li>\n\n\n\n<li>An die erteilte Einwilligung k\u00f6nnen Auflagen gekn\u00fcpft sein, die dann vorab schriftlich festgehalten werden m\u00fcssen.<br\/><br\/> <strong>Artikel 8: Vorzeitige Abreise des Urlaubers<\/strong><\/li>\n\n\n\n<li>Der Urlauber schuldet den vollen Preis f\u00fcr den vereinbarten Tarifzeitraum.<br\/><br\/> <strong>Artikel 9: Vorl\u00e4ufige K\u00fcndigung durch Castra Holidays GmbH und R\u00e4umung im Falle eines zurechenbaren Vers\u00e4umnisses und\/oder einer rechtswidrigen Handlung<\/strong><\/li>\n\n\n\n<li>Castra Holidays GmbH kann den Vertrag mit sofortiger Wirkung k\u00fcndigen:<br\/> A. Wenn der Freizeitnutzer eine der Bedingungen dieser Vereinbarung nicht erf\u00fcllt.<br\/> B. Wenn der Urlauber trotz vorheriger Abmahnung die Castra Holidays GmbH und\/oder Miturlauber bel\u00e4stigt oder die gute Atmosph\u00e4re auf dem Gel\u00e4nde oder in dessen unmittelbarer N\u00e4he st\u00f6rt;<br\/> C. Wenn der Urlauber die Ferienunterkunft trotz vorheriger Abmahnung in einer Weise nutzt, die der bestimmungsgem\u00e4\u00dfen Nutzung des Gel\u00e4ndes zuwiderl\u00e4uft.   <\/li>\n\n\n\n<li>M\u00f6chte die Castra Holidays GmbH den Vertrag k\u00fcndigen und die Unterkunft zwischenzeitlich r\u00e4umen, muss sie den Urlauber hier\u00fcber durch pers\u00f6nliche \u00dcbergabe eines Schreibens informieren. In dringenden F\u00e4llen kann die schriftliche Abmahnung unterbleiben. <\/li>\n\n\n\n<li>Nach der Stornierung muss der Urlauber daf\u00fcr sorgen, dass das Ferienhaus und das Gel\u00e4nde schnellstm\u00f6glich, sp\u00e4testens jedoch innerhalb von 4 Stunden, ger\u00e4umt werden.<\/li>\n\n\n\n<li>Der Urlauber bleibt grunds\u00e4tzlich zur Zahlung des vereinbarten Preises verpflichtet.<br\/><br\/> <strong>Artikel 10: Gesetze und Vorschriften<\/strong><\/li>\n\n\n\n<li>Die Castra Holidays GmbH stellt jederzeit sicher, dass die Ferienunterk\u00fcnfte sowohl intern als auch extern alle Umwelt- und Sicherheitsanforderungen erf\u00fcllen, die m\u00f6glicherweise von der Regierung an die Ferienunterk\u00fcnfte gestellt werden.<\/li>\n\n\n\n<li>Der Urlauber ist verpflichtet, alle auf dem Gel\u00e4nde geltenden Sicherheitsvorschriften strikt einzuhalten. Er tr\u00e4gt au\u00dferdem daf\u00fcr Sorge, dass Miturlauber und\/oder Dritte, die ihn besuchen und\/oder bei ihm \u00fcbernachten, die auf dem Gel\u00e4nde geltenden Sicherheitsvorschriften strikt einhalten. <br\/><br\/><strong>Artikel 11: Instandhaltung und Bau<\/strong><\/li>\n\n\n\n<li>Die Castra Holidays GmbH ist verpflichtet, das Erholungsgel\u00e4nde und die zentralen Einrichtungen in einem gepflegten Zustand zu halten.<\/li>\n\n\n\n<li>Der Urlauber ist verpflichtet, das Ferienhaus und seine unmittelbare Umgebung w\u00e4hrend der Vertragslaufzeit in demselben Zustand zu halten, in dem er es \u00fcbernommen hat.<\/li>\n\n\n\n<li>Dem Freizeitnutzer, Mit-Freizeitnutzern und\/oder Dritten ist es nicht gestattet, auf dem Gel\u00e4nde zu graben, B\u00e4ume zu f\u00e4llen, Str\u00e4ucher zu beschneiden oder andere Aktivit\u00e4ten \u00e4hnlicher Art durchzuf\u00fchren.<br\/><br\/> <strong>Artikel 12: Haftung<\/strong><\/li>\n\n\n\n<li>F\u00fcr etwaige Sch\u00e4den haftet die Castra Holidays GmbH in keinem Fall. Der Aufenthalt und Besuch der Castra Holidays GmbH erfolgt auf eigene Gefahr.<\/li>\n\n\n\n<li>Die Castra Holidays GmbH haftet nicht f\u00fcr Unf\u00e4lle, Diebst\u00e4hle oder Sch\u00e4den auf ihrem Gel\u00e4nde.<\/li>\n\n\n\n<li>F\u00fcr die Folgen extremer Wetterbedingungen oder anderer Formen h\u00f6herer Gewalt haftet die Castra Holidays GmbH nicht.<\/li>\n\n\n\n<li>F\u00fcr etwaige St\u00f6rungen der Versorgungsleistungen haftet die Castra Holidays GmbH nicht.<\/li>\n\n\n\n<li>Der Urlauber haftet gegen\u00fcber der Castra Holidays GmbH f\u00fcr Sch\u00e4den, die durch Handlungen oder Unterlassungen von ihm selbst, dem\/den Miturlauber(n) und\/oder Dritten verursacht werden, soweit die Sch\u00e4den dem Urlauber, dem\/den Miturlauber(n) und\/oder Dritten zuzurechnen sind.<\/li>\n\n\n\n<li>Die Castra Holidays GmbH verpflichtet sich, entsprechende Ma\u00dfnahmen zu ergreifen, nachdem ein Urlauber Bel\u00e4stigungen durch andere Urlauber gemeldet hat.<\/li>\n\n\n\n<li>Es ist strengstens verboten, illegale Aktivit\u00e4ten (Herunterladen\/Hochladen gesch\u00fctzter Medien) im Internetnetzwerk der Castra Holidays GmbH durchzuf\u00fchren. Das Netzwerk wird allen Urlaubern im Rahmen einer Fair-Use-Richtlinie zur Verf\u00fcgung gestellt. Wenn ein Freizeitnutzer zu viele Daten verbraucht, kann seine Verbindung vor\u00fcbergehend deaktiviert werden, um anderen Freizeitnutzern Platz im Netzwerk zu geben. <br\/><br\/><strong>Artikel 13: Streitbeilegung<\/strong><\/li>\n\n\n\n<li>F\u00fcr alle Streitigkeiten im Zusammenhang mit dem Vertrag gilt deutsches Recht.<\/li>\n\n\n\n<li>Im Falle einer Streitigkeit \u00fcber den Abschluss oder die Durchf\u00fchrung dieses Vertrags muss die Streitigkeit sp\u00e4testens 2 Monate nach dem Datum, an dem der Urlauber die Beschwerde eingereicht hat, schriftlich bei Castra Holidays GmbH eingereicht werden.<br\/><br\/> <strong>Artikel 14: Kaution<\/strong><\/li>\n\n\n\n<li>Bei Anreise ist vom Urlauber eine Kaution in H\u00f6he von 150,- \u20ac zu hinterlegen.<\/li>\n\n\n\n<li>Mit der Kaution ist unter anderem sichergestellt, dass die Unterkunft unbesch\u00e4digt verlassen wird. M\u00e4ngel und\/oder fehlendes Inventar. <\/li>\n\n\n\n<li>Wird die Unterkunft nicht sauber hinterlassen, werden Reinigungskosten, abh\u00e4ngig vom Verschmutzungsgrad, in Rechnung gestellt (Reinigungspauschale: 35,- \u20ac pro Stunde).<\/li>\n\n\n\n<li>Bei der Abreise ist die Unterkunft sauber und ohne Sch\u00e4den zu hinterlassen. Bei M\u00e4ngeln oder fehlendem Inventar erstattet die Castra Holidays GmbH dem Urlauber die Anzahlung innerhalb von 2 Werktagen auf die uns bekannte Kontonummer zur\u00fcck. <\/li>\n\n\n\n<li>Im Falle einer (m\u00f6glichen) Inanspruchnahme der Kaution wird die Castra Holidays GmbH den Urlauber zeitnah \u00fcber den festgestellten Sachverhalt informieren.<br\/><br\/> <strong>Artikel 15: Haustiere<\/strong><\/li>\n\n\n\n<li>Die Unterk\u00fcnfte der Castra Holidays GmbH sind haustierfreundlich, pro Apartment sind 3 Haustiere erlaubt. F\u00fcr weitere Haustiere muss eine Anfrage bei der Castra Holidays GmbH eingereicht werden. <\/li>\n\n\n\n<li>Der Urlauber wird daf\u00fcr sorgen, dass seine Haustiere (Mit-)Urlauber und\/oder Dritte nicht bel\u00e4stigen; Bei (\u00fcberm\u00e4\u00dfigem) L\u00e4rmdruck (Gebell, Schreien etc.) muss der Freizeitnutzer daf\u00fcr sorgen, dass dieser schnellstm\u00f6glich aufh\u00f6rt.<\/li>\n\n\n\n<li>Hunde m\u00fcssen immer an der Leine gef\u00fchrt werden, mit zwei Ausnahmen: der ausgewiesene Freilaufbereich und die Mietwohnung mit eigenem Garten.<\/li>\n\n\n\n<li>Die Castra Holidays GmbH haftet in keiner Weise f\u00fcr Sch\u00e4den (Forderungen) zwischen (Mit-)Urlaubern und\/oder Dritten f\u00fcr Sch\u00e4den, die an oder durch ihre Haustiere bei (Mit-)Urlaubern und\/oder Dritten entstehen.<\/li>\n\n\n\n<li>Alle Hunde m\u00fcssen gegen Tollwut geimpft sein.  <br\/><br\/><strong>Artikel 16: \u00c4nderungen<\/strong><\/li>\n\n\n\n<li>\u00c4nderungen k\u00f6nnen nur schriftlich erfolgen.<\/li>\n<\/ul>\n<\/div>\n<\/div>\n","protected":false},"excerpt":{"rendered":"<p>Castra Holidays GmbH Allgemeine Gesch\u00e4ftsbedingungen Artikel 1: Definitionen In diesen Gesch\u00e4ftsbedingungen haben die folgenden Begriffe die folgende Bedeutung: A. Ferienunterk\u00fcnfte: Zelt, Faltcaravan, Wohnmobil, (statischer) Wohnwagen, Bungalow, Gartenhaus, Appartement, Wanderh\u00fctte und solch; B. Castra Holidays GmbH: das Unternehmen, die Institution oder der Verein, der dem Urlauber die Ferienunterkunft zur Verf\u00fcgung stellt; C. Urlauber: die Person, die [&hellip;]<\/p>\n","protected":false},"author":2,"featured_media":0,"parent":0,"menu_order":0,"comment_status":"closed","ping_status":"closed","template":"","meta":{"footnotes":""},"class_list":["post-519","page","type-page","status-publish","hentry"],"_links":{"self":[{"href":"https:\/\/castraholidays.com\/de\/wp-json\/wp\/v2\/pages\/519","targetHints":{"allow":["GET"]}}],"collection":[{"href":"https:\/\/castraholidays.com\/de\/wp-json\/wp\/v2\/pages"}],"about":[{"href":"https:\/\/castraholidays.com\/de\/wp-json\/wp\/v2\/types\/page"}],"author":[{"embeddable":true,"href":"https:\/\/castraholidays.com\/de\/wp-json\/wp\/v2\/users\/2"}],"replies":[{"embeddable":true,"href":"https:\/\/castraholidays.com\/de\/wp-json\/wp\/v2\/comments?post=519"}],"version-history":[{"count":2,"href":"https:\/\/castraholidays.com\/de\/wp-json\/wp\/v2\/pages\/519\/revisions"}],"predecessor-version":[{"id":635,"href":"https:\/\/castraholidays.com\/de\/wp-json\/wp\/v2\/pages\/519\/revisions\/635"}],"wp:attachment":[{"href":"https:\/\/castraholidays.com\/de\/wp-json\/wp\/v2\/media?parent=519"}],"curies":[{"name":"wp","href":"https:\/\/api.w.org\/{rel}","templated":true}]}}