{"id":542,"date":"2025-03-30T10:59:45","date_gmt":"2025-03-30T10:59:45","guid":{"rendered":"https:\/\/castraholidays.com\/castra-holidays\/"},"modified":"2025-07-05T07:27:28","modified_gmt":"2025-07-05T07:27:28","slug":"castra-holidays","status":"publish","type":"page","link":"https:\/\/castraholidays.com\/de\/","title":{"rendered":"Castra Urlaub"},"content":{"rendered":"\n<figure class=\"wp-block-image alignwide size-full has-custom-border is-style-default\"><img decoding=\"async\" src=\"https:\/\/castraholidays.com\/wp-content\/uploads\/2025\/04\/Duitsland-Thuringen-heuvellandschap-scaled.webp\" alt=\"\" class=\"wp-image-173\" style=\"border-style:none;border-width:0px;border-radius:56px\"\/><\/figure>\n\n\n\n<div class=\"wp-block-columns alignfull is-layout-flex wp-container-core-columns-is-layout-28f84493 wp-block-columns-is-layout-flex\">\n<div class=\"wp-block-column is-layout-flow wp-block-column-is-layout-flow\">\n<figure class=\"wp-block-image aligncenter size-large is-resized\"><img loading=\"lazy\" decoding=\"async\" width=\"1024\" height=\"614\" src=\"https:\/\/castraholidays.com\/wp-content\/uploads\/2025\/03\/logo_basic-1024x614.png\" alt=\"\" class=\"wp-image-157\" style=\"width:257px;height:auto\"\/><\/figure>\n<\/div>\n<\/div>\n\n\n\n<p class=\"has-text-align-center\">In der wundersch\u00f6nen Natur Th\u00fcringens im Dorf Pfaffschwende bei Eschwege bieten wir verschiedene Ferienwohnungen in einer ehemaligen deutschen Grenzkaserne ca. 3 Stunden von der niederl\u00e4ndischen Grenze entfernt an.  <br><br>Inmitten der wundersch\u00f6nen H\u00fcgellandschaft und der ausgedehnten W\u00e4lder k\u00f6nnen Sie Ihre eigene ger\u00e4umige Wohnung mit privatem Garten genie\u00dfen.<br><br>Die Wohnungen sind gro\u00dfz\u00fcgig und komplett ausgestattet, auch <a href=\"https:\/\/castraholidays.com\/de\/hunde\/\" data-type=\"page\" data-id=\"259\">Hunde<\/a> sind herzlich willkommen! Zus\u00e4tzlich zu Ihrem eigenen privaten Garten gibt es einen gro\u00dfen umz\u00e4unten Bereich mit einem Schwimmteich, wo Ihre Hunde sicher mehr als einen Hektar umz\u00e4unte Natur genie\u00dfen k\u00f6nnen.   <br><br><\/p>\n\n\n\n<div class=\"wp-block-columns alignwide is-layout-flex wp-container-core-columns-is-layout-8d88fe0f wp-block-columns-is-layout-flex\" style=\"padding-top:var(--wp--preset--spacing--20);padding-bottom:var(--wp--preset--spacing--20)\">\n<div class=\"wp-block-column is-layout-flow wp-block-column-is-layout-flow\">\n<h2 class=\"wp-block-heading\">Vermietung von Ferienwohnungen<\/h2>\n\n\n\n<p class=\"has-text-align-left hostinger-ai-description has-dark-color has-text-color has-link-color has-medium-font-size wp-elements-b21880867974fbde730a9c8698107ac2\" style=\"margin-top:0;margin-bottom:0\"><br>Wir vermieten 3 sehr ger\u00e4umige Ferienwohnungen, die mit allem ausgestattet sind, was Sie im Urlaub brauchen (Bad, Schlafzimmer, Wohnzimmer, K\u00fcche, Terrasse etc.). <br><br>Es stehen 3 Wohnungen zur Verf\u00fcgung; 2 Personen, 4 Personen und 6 Personen.<br><\/p>\n\n\n\n<div class=\"wp-block-buttons is-content-justification-center is-layout-flex wp-container-core-buttons-is-layout-10860990 wp-block-buttons-is-layout-flex\" style=\"padding-top:var(--wp--preset--spacing--10);padding-bottom:var(--wp--preset--spacing--10)\">\n<div class=\"wp-block-button\"><a class=\"wp-block-button__link wp-element-button\" href=\"https:\/\/castraholidays.com\/de\/vermietung\/\">Alle Apartments hier ansehen<\/a><\/div>\n<\/div>\n\n\n\n<p class=\"has-text-align-left hostinger-ai-description has-dark-color has-text-color has-link-color has-medium-font-size wp-elements-02bad74af3b41f577dcab0672348c830\" style=\"margin-top:0;margin-bottom:0\"><br>Haustiere sind in allen Apartments erlaubt. Die Regeln f\u00fcr die Unterbringung von Haustieren in den Apartments finden Sie in unseren <a href=\"https:\/\/castraholidays.com\/de\/allgemeine-geschaeftsbedingungen\/\" data-type=\"page\" data-id=\"125\">Mietbedingungen<\/a> .<br><br><\/p>\n<\/div>\n\n\n\n<div class=\"wp-block-column is-layout-flow wp-block-column-is-layout-flow\">\n<figure class=\"wp-block-image size-full has-custom-border is-style-default\" style=\"margin-top:var(--wp--preset--spacing--10);margin-right:var(--wp--preset--spacing--10);margin-bottom:var(--wp--preset--spacing--10);margin-left:var(--wp--preset--spacing--10)\"><img loading=\"lazy\" decoding=\"async\" width=\"800\" height=\"559\" src=\"https:\/\/castraholidays.com\/wp-content\/uploads\/2025\/03\/DSC_1294k.jpg\" alt=\"\" class=\"wp-image-46\" style=\"border-width:1px;border-radius:25px\" srcset=\"https:\/\/castraholidays.com\/wp-content\/uploads\/2025\/03\/DSC_1294k.jpg 800w, https:\/\/castraholidays.com\/wp-content\/uploads\/2025\/03\/DSC_1294k-300x210.jpg 300w, https:\/\/castraholidays.com\/wp-content\/uploads\/2025\/03\/DSC_1294k-768x537.jpg 768w\" sizes=\"auto, (max-width: 800px) 100vw, 800px\" \/><\/figure>\n<\/div>\n<\/div>\n\n\n\n<div class=\"wp-block-columns alignwide is-layout-flex wp-container-core-columns-is-layout-28f84493 wp-block-columns-is-layout-flex\">\n<div class=\"wp-block-column is-layout-flow wp-block-column-is-layout-flow\" style=\"padding-top:var(--wp--preset--spacing--20);padding-bottom:var(--wp--preset--spacing--20)\">\n<figure class=\"wp-block-image size-full has-custom-border is-style-default\" style=\"margin-top:var(--wp--preset--spacing--10);margin-right:var(--wp--preset--spacing--10);margin-bottom:var(--wp--preset--spacing--10);margin-left:var(--wp--preset--spacing--10)\"><img decoding=\"async\" src=\"https:\/\/castraholidays.com\/wp-content\/uploads\/2025\/04\/hainich-nationaal-park-bezoeken-thuringen_25147_ml.jpg\" alt=\"\" class=\"wp-image-76\" style=\"border-width:1px;border-radius:25px\"\/><\/figure>\n<\/div>\n\n\n\n<div class=\"wp-block-column is-layout-flow wp-block-column-is-layout-flow\">\n<h2 class=\"wp-block-heading has-text-align-center hostinger-ai-title has-dark-color has-text-color has-link-color has-x-large-font-size wp-elements-38ffabb8cd41a6525574094f4f1973df\" style=\"margin-top:0;margin-right:0;margin-bottom:var(--wp--preset--spacing--20);margin-left:0\">Entdecken Sie die Natur Th\u00fcringens<\/h2>\n\n\n\n<p class=\"has-text-align-left hostinger-ai-description has-dark-color has-text-color has-link-color has-medium-font-size wp-elements-e1ac70b07558aa7c30ae6328581978ea\" style=\"margin-top:0;margin-bottom:0\">Eine abwechslungsreiche Landschaft mit hoch aufragenden Bergen, B\u00e4chen, Fl\u00fcssen, Wiesen.  <\/p>\n\n\n\n<p class=\"has-text-align-left hostinger-ai-description has-dark-color has-text-color has-link-color has-medium-font-size wp-elements-edae249935802ba63b6d8292a2c3f1c3\" style=\"margin-top:0;margin-bottom:0\"><br>Doch auch Th\u00fcringen hat eine reiche Geschichte und ist auch als Land der Burgen und Festungen bekannt. Der \u00fcberwiegende Teil ist mit smaragdgr\u00fcnen W\u00e4ldern bedeckt, haupts\u00e4chlich Fichten, Kiefern und Buchen. <br><br>F\u00fcr viele Besucher ist diese Region mit ihren alten, idyllischen D\u00f6rfern und St\u00e4dten inmitten unber\u00fchrter Natur das Deutschland, das sie sich vorgestellt haben.<br><br><\/p>\n\n\n\n<div class=\"wp-block-buttons is-content-justification-center is-layout-flex wp-container-core-buttons-is-layout-10860990 wp-block-buttons-is-layout-flex\" style=\"padding-top:var(--wp--preset--spacing--10);padding-bottom:var(--wp--preset--spacing--10)\">\n<div class=\"wp-block-button has-custom-width wp-block-button__width-75\"><a class=\"wp-block-button__link wp-element-button\" href=\"https:\/\/castraholidays.com\/de\/umgebung\/\">Sehen Sie hier, was es in der Gegend zu sehen und zu tun gibt.<\/a><\/div>\n<\/div>\n<\/div>\n<\/div>\n","protected":false},"excerpt":{"rendered":"<p>In der wundersch\u00f6nen Natur Th\u00fcringens im Dorf Pfaffschwende bei Eschwege bieten wir verschiedene Ferienwohnungen in einer ehemaligen deutschen Grenzkaserne ca. 3 Stunden von der niederl\u00e4ndischen Grenze entfernt an. Inmitten der wundersch\u00f6nen H\u00fcgellandschaft und der ausgedehnten W\u00e4lder k\u00f6nnen Sie Ihre eigene ger\u00e4umige Wohnung mit privatem Garten genie\u00dfen. Die Wohnungen sind gro\u00dfz\u00fcgig und komplett ausgestattet, auch Hunde [&hellip;]<\/p>\n","protected":false},"author":2,"featured_media":0,"parent":0,"menu_order":0,"comment_status":"closed","ping_status":"closed","template":"","meta":{"footnotes":""},"class_list":["post-542","page","type-page","status-publish","hentry"],"_links":{"self":[{"href":"https:\/\/castraholidays.com\/de\/wp-json\/wp\/v2\/pages\/542","targetHints":{"allow":["GET"]}}],"collection":[{"href":"https:\/\/castraholidays.com\/de\/wp-json\/wp\/v2\/pages"}],"about":[{"href":"https:\/\/castraholidays.com\/de\/wp-json\/wp\/v2\/types\/page"}],"author":[{"embeddable":true,"href":"https:\/\/castraholidays.com\/de\/wp-json\/wp\/v2\/users\/2"}],"replies":[{"embeddable":true,"href":"https:\/\/castraholidays.com\/de\/wp-json\/wp\/v2\/comments?post=542"}],"version-history":[{"count":5,"href":"https:\/\/castraholidays.com\/de\/wp-json\/wp\/v2\/pages\/542\/revisions"}],"predecessor-version":[{"id":692,"href":"https:\/\/castraholidays.com\/de\/wp-json\/wp\/v2\/pages\/542\/revisions\/692"}],"wp:attachment":[{"href":"https:\/\/castraholidays.com\/de\/wp-json\/wp\/v2\/media?parent=542"}],"curies":[{"name":"wp","href":"https:\/\/api.w.org\/{rel}","templated":true}]}}