{"id":546,"date":"2025-03-30T10:59:46","date_gmt":"2025-03-30T10:59:46","guid":{"rendered":"https:\/\/castraholidays.com\/umgebung\/"},"modified":"2025-05-24T13:46:28","modified_gmt":"2025-05-24T13:46:28","slug":"umgebung","status":"publish","type":"page","link":"https:\/\/castraholidays.com\/de\/umgebung\/","title":{"rendered":"Umfeld"},"content":{"rendered":"\n<div class=\"wp-block-columns alignwide is-layout-flex wp-container-core-columns-is-layout-d23209a0 wp-block-columns-is-layout-flex\" style=\"padding-top:var(--wp--preset--spacing--30);padding-bottom:var(--wp--preset--spacing--30)\">\n<div class=\"wp-block-column is-layout-flow wp-container-core-column-is-layout-b317c9ca wp-block-column-is-layout-flow\" style=\"padding-top:var(--wp--preset--spacing--10);padding-bottom:var(--wp--preset--spacing--10)\">\n<h2 class=\"wp-block-heading has-text-align-center is-style-default\">Die Umwelt<\/h2>\n\n\n\n<p class=\"has-text-align-center\">Pfaffschwende ist ein kleines Dorf im Eichsfeld, einer wundersch\u00f6nen Gegend im Bundesland Th\u00fcringen. Unweit des geografischen Mittelpunkts Deutschlands liegt das Dorf Flinsberg. Pfaffschwende liegt am Fu\u00dfe des H\u00f6henzuges Gobert, unweit der Grenze zwischen Hessen und Th\u00fcringen. Vor 1990 war Deutschland in Ost- und Westdeutschland geteilt und in der Kaserne waren ostdeutsche Soldaten stationiert, die die Grenze bewachten. \u00dcberall in der Gegend sind \u00dcberreste aus dieser Zeit zu finden. Von der Kaserne aus m\u00fcssen Sie nur die Stra\u00dfe \u00fcberqueren, um einen sch\u00f6nen Waldspaziergang zu unternehmen, bei dem Sie gute Chancen haben, Rehe oder F\u00fcchse zu sehen.       <br\/><strong><br\/>Nachfolgend finden Sie eine kleine \u00dcbersicht \u00fcber die Sehensw\u00fcrdigkeiten in der Umgebung.<\/strong><\/p>\n<\/div>\n<\/div>\n\n<div class=\"wp-block-columns alignwide is-layout-flex wp-container-core-columns-is-layout-28f84493 wp-block-columns-is-layout-flex\">\n<div class=\"wp-block-column is-layout-flow wp-block-column-is-layout-flow\" style=\"padding-top:var(--wp--preset--spacing--20);padding-bottom:var(--wp--preset--spacing--20)\">\n<figure class=\"wp-block-image size-full has-custom-border is-style-default\" style=\"margin-top:var(--wp--preset--spacing--10);margin-right:var(--wp--preset--spacing--10);margin-bottom:var(--wp--preset--spacing--10);margin-left:var(--wp--preset--spacing--10)\"><img decoding=\"async\" src=\"https:\/\/castraholidays.com\/wp-content\/uploads\/2025\/04\/hainich-nationaal-park-bezoeken-thuringen_25147_ml.jpg\" alt=\"\" class=\"wp-image-76\" style=\"border-width:1px;border-radius:25px\"\/><\/figure>\n<\/div>\n\n\n\n<div class=\"wp-block-column is-layout-flow wp-block-column-is-layout-flow\">\n<h2 class=\"wp-block-heading has-text-align-center hostinger-ai-title has-dark-color has-text-color has-link-color has-x-large-font-size wp-elements-5c63b6a9da5bd8406e9dfabd77ba0bee\" style=\"margin-top:0;margin-right:0;margin-bottom:var(--wp--preset--spacing--20);margin-left:0\">Baumkronenweg<\/h2>\n\n\n\n<p class=\"has-text-align-left hostinger-ai-description has-dark-color has-text-color has-link-color has-medium-font-size wp-elements-a3ada0b63db50c090b8a6984093dd5f9\" style=\"margin-top:0;margin-bottom:0\"><br\/>Der 540 Meter lange Weg schl\u00e4ngelt sich durch die Baumkronen und bietet eine einzigartige Perspektive auf diesen artenreichen Lebensraum.  <br\/><br\/>Bei Ihrem Rundgang erfahren Sie viel Wissenswertes und \u00dcberraschendes \u00fcber die Tier- und Pflanzenwelt des Hainich.  <br\/><br\/>Zus\u00e4tzlich sorgen Kletterelemente auf dem Weg f\u00fcr Spannung. Vom 44 Meter hohen Aussichtsturm genie\u00dfen Sie einen beeindruckenden Panoramablick \u00fcber das Th\u00fcringer Becken und den Hainich. <\/p>\n\n\n\n<p class=\"has-text-align-center hostinger-ai-description has-dark-color has-text-color has-link-color has-medium-font-size wp-elements-6bff7113752bdb2199b91f3cb84c2375\" style=\"margin-top:0;margin-bottom:0\"><br\/><br\/><\/p>\n\n\n\n<div class=\"wp-block-buttons is-content-justification-center is-layout-flex wp-container-core-buttons-is-layout-10860990 wp-block-buttons-is-layout-flex\" style=\"padding-top:var(--wp--preset--spacing--10);padding-bottom:var(--wp--preset--spacing--10)\">\n<div class=\"wp-block-button has-custom-width wp-block-button__width-75\"><a class=\"wp-block-button__link wp-element-button\" href=\"https:\/\/www.baumkronen-pfad.de\">Webseite Baumkronenweg<\/a><\/div>\n<\/div>\n<\/div>\n<\/div>\n\n<div class=\"wp-block-columns alignwide is-layout-flex wp-container-core-columns-is-layout-8d88fe0f wp-block-columns-is-layout-flex\" style=\"padding-top:var(--wp--preset--spacing--20);padding-bottom:var(--wp--preset--spacing--20)\">\n<div class=\"wp-block-column is-layout-flow wp-block-column-is-layout-flow\">\n<h2 class=\"wp-block-heading has-text-align-center\"><strong><strong>Segtours Eichsfeld<\/strong><\/strong><\/h2>\n\n\n\n<p class=\"has-text-align-left hostinger-ai-description has-dark-color has-text-color has-link-color has-medium-font-size wp-elements-c3062bac4f81395fb224ae563cfc0b8d\" style=\"margin-top:0;margin-bottom:0\"><br\/>M\u00fchelos durch die Natur gleiten, besondere Momente erleben und vor allem Spa\u00df haben! Das bietet eine SEGWAY-Tour. <br\/><br\/>Entdecken Sie Eichsfeld und Werra auf eine v\u00f6llig neue und faszinierende Art. Mit dem SEGWAY gleiten wir nahezu lautlos und umweltfreundlich durch die Landschaft und genie\u00dfen fantastische Ausblicke. <\/p>\n\n\n\n<p class=\"has-text-align-left hostinger-ai-description has-dark-color has-text-color has-link-color has-medium-font-size wp-elements-27dbfea9c1441e3ca28c16e2ea852872\" style=\"margin-top:0;margin-bottom:0\"><br\/><\/p>\n\n\n\n<div class=\"wp-block-buttons is-content-justification-center is-layout-flex wp-container-core-buttons-is-layout-10860990 wp-block-buttons-is-layout-flex\" style=\"padding-top:var(--wp--preset--spacing--10);padding-bottom:var(--wp--preset--spacing--10)\">\n<div class=\"wp-block-button\"><a class=\"wp-block-button__link wp-element-button\" href=\"https:\/\/www.segtours-eichsfeld.de\/\">Webseite Segtours Eichsfeld<\/a><\/div>\n<\/div>\n<\/div>\n\n\n\n<div class=\"wp-block-column is-layout-flow wp-block-column-is-layout-flow\">\n<figure class=\"wp-block-image size-full is-resized has-custom-border is-style-default\" style=\"margin-top:var(--wp--preset--spacing--10);margin-right:var(--wp--preset--spacing--10);margin-bottom:var(--wp--preset--spacing--10);margin-left:var(--wp--preset--spacing--10)\"><img loading=\"lazy\" decoding=\"async\" width=\"480\" height=\"320\" src=\"https:\/\/castraholidays.com\/wp-content\/uploads\/2025\/04\/7a.jpg\" alt=\"\" class=\"wp-image-114\" style=\"border-width:1px;border-radius:25px;width:608px;height:auto\" srcset=\"https:\/\/castraholidays.com\/wp-content\/uploads\/2025\/04\/7a.jpg 480w, https:\/\/castraholidays.com\/wp-content\/uploads\/2025\/04\/7a-300x200.jpg 300w\" sizes=\"auto, (max-width: 480px) 100vw, 480px\" \/><\/figure>\n<\/div>\n<\/div>\n\n<div class=\"wp-block-columns alignwide is-layout-flex wp-container-core-columns-is-layout-28f84493 wp-block-columns-is-layout-flex\">\n<div class=\"wp-block-column is-layout-flow wp-block-column-is-layout-flow\" style=\"padding-top:var(--wp--preset--spacing--20);padding-bottom:var(--wp--preset--spacing--20)\">\n<figure class=\"wp-block-image size-full has-custom-border is-style-default\" style=\"margin-top:var(--wp--preset--spacing--10);margin-right:var(--wp--preset--spacing--10);margin-bottom:var(--wp--preset--spacing--10);margin-left:var(--wp--preset--spacing--10)\"><img loading=\"lazy\" decoding=\"async\" width=\"600\" height=\"443\" src=\"https:\/\/castraholidays.com\/wp-content\/uploads\/2025\/04\/ef14c18f-e1b1-c99a-b295-b5c570c61160.jpg\" alt=\"\" class=\"wp-image-118\" style=\"border-width:1px;border-radius:25px\" srcset=\"https:\/\/castraholidays.com\/wp-content\/uploads\/2025\/04\/ef14c18f-e1b1-c99a-b295-b5c570c61160.jpg 600w, https:\/\/castraholidays.com\/wp-content\/uploads\/2025\/04\/ef14c18f-e1b1-c99a-b295-b5c570c61160-300x222.jpg 300w\" sizes=\"auto, (max-width: 600px) 100vw, 600px\" \/><\/figure>\n<\/div>\n\n\n\n<div class=\"wp-block-column is-layout-flow wp-block-column-is-layout-flow\">\n<h2 class=\"wp-block-heading has-text-align-center hostinger-ai-title has-dark-color has-text-color has-link-color has-x-large-font-size wp-elements-a2b764947846288484537843e7d23f53\" style=\"margin-top:0;margin-right:0;margin-bottom:var(--wp--preset--spacing--20);margin-left:0\"><strong>Grenzmuseum Schifflersgrund<\/strong><\/h2>\n\n\n\n<p class=\"has-text-align-left hostinger-ai-description has-dark-color has-text-color has-link-color has-medium-font-size wp-elements-073926b16222fef59fde673e0046a494\" style=\"margin-top:0;margin-bottom:0\"><br\/>Dieses Grenzmuseum ist t\u00e4glich ge\u00f6ffnet und liegt etwa 30 km von Castra Holidays entfernt.  <br\/><br\/>Hier bekommen Sie einen guten Eindruck von der Geschichte des Eisernen Vorhangs von 1949 bis 1989. Dieses Museum ist teilweise \u00fcberdacht.   <br\/><br\/>Im Au\u00dfenbereich sind Gro\u00dfger\u00e4te aus der Zeit, wie beispielsweise Fahrzeuge, ausgestellt und im Innenbereich gibt es unter anderem Fotoausstellungen.  <br\/><br\/>Hunde sind erlaubt, sofern sie an der Leine gef\u00fchrt werden.<br\/><\/p>\n\n\n\n<div class=\"wp-block-buttons is-content-justification-center is-layout-flex wp-container-core-buttons-is-layout-10860990 wp-block-buttons-is-layout-flex\" style=\"padding-top:var(--wp--preset--spacing--10);padding-bottom:var(--wp--preset--spacing--10)\">\n<div class=\"wp-block-button has-custom-width wp-block-button__width-75\"><a class=\"wp-block-button__link wp-element-button\" href=\"https:\/\/www.grenzmuseum.de\/\">Website des Grenzmuseums Schifflersgrund<\/a><\/div>\n<\/div>\n<\/div>\n<\/div>\n\n<div class=\"wp-block-columns alignwide is-layout-flex wp-container-core-columns-is-layout-8d88fe0f wp-block-columns-is-layout-flex\" style=\"padding-top:var(--wp--preset--spacing--20);padding-bottom:var(--wp--preset--spacing--20)\">\n<div class=\"wp-block-column is-layout-flow wp-block-column-is-layout-flow\">\n<h2 class=\"wp-block-heading has-text-align-center\"><strong><strong>Werratalsee<\/strong><\/strong><\/h2>\n\n\n\n<p class=\"has-text-align-left hostinger-ai-description has-dark-color has-text-color has-link-color has-medium-font-size wp-elements-a40d2d5bfb61dbe5ca03f75698a11e84\" style=\"margin-top:0;margin-bottom:0\"><br\/>Der 110 Hektar gro\u00dfe Werratalsee liegt nahe Eschwege, nur 10 Gehminuten vom Stadtzentrum entfernt und zugleich umgeben von herrlicher Natur. Der 7 km lange Weg l\u00e4dt zum Spazieren, Inlineskaten, Joggen oder Radfahren ein. Und die wundersch\u00f6nen Wiesen mit Blick auf den See sind der perfekte Ort f\u00fcr ein Picknick.  <\/p>\n\n\n\n<p class=\"has-text-align-left hostinger-ai-description has-dark-color has-text-color has-link-color has-medium-font-size wp-elements-0972ac3b4fd04a806e188c9eb1f4e5f4\" style=\"margin-top:0;margin-bottom:0\"><br\/>Nat\u00fcrlich bietet Ihnen der Werratalsee nicht nur jede Menge Badespa\u00df, sondern eignet sich auch hervorragend f\u00fcr diverse Wassersportarten wie: Surfen, Segeln, Stand-Up-Paddeln, Kanufahren oder Rudern!<br\/><br\/>Wir k\u00f6nnen Ihnen dabei helfen, diese Aktivit\u00e4ten vor\/w\u00e4hrend Ihres Aufenthalts zu buchen.<\/p>\n\n\n\n<p class=\"has-text-align-left hostinger-ai-description has-dark-color has-text-color has-link-color has-medium-font-size wp-elements-27dbfea9c1441e3ca28c16e2ea852872\" style=\"margin-top:0;margin-bottom:0\"><br\/><\/p>\n\n\n\n<div class=\"wp-block-buttons is-content-justification-center is-layout-flex wp-container-core-buttons-is-layout-10860990 wp-block-buttons-is-layout-flex\" style=\"padding-top:var(--wp--preset--spacing--10);padding-bottom:var(--wp--preset--spacing--10)\">\n<div class=\"wp-block-button\"><a class=\"wp-block-button__link wp-element-button\" href=\"https:\/\/www.werratal-tourismus.de\/de\/erleben\/wasserspass\/werratalsee.php\">Website Werratalsee<\/a><\/div>\n<\/div>\n<\/div>\n\n\n\n<div class=\"wp-block-column is-layout-flow wp-block-column-is-layout-flow\">\n<figure class=\"wp-block-image size-full is-resized has-custom-border is-style-default\" style=\"margin-top:var(--wp--preset--spacing--10);margin-right:var(--wp--preset--spacing--10);margin-bottom:var(--wp--preset--spacing--10);margin-left:var(--wp--preset--spacing--10)\"><img decoding=\"async\" src=\"https:\/\/castraholidays.com\/wp-content\/uploads\/2025\/04\/d0126c44b78f52dg4da2eed733921592.jpg\" alt=\"\" class=\"wp-image-116\" style=\"border-width:1px;border-radius:25px;width:603px;height:auto\"\/><\/figure>\n<\/div>\n<\/div>\n\n<div class=\"wp-block-columns alignwide is-layout-flex wp-container-core-columns-is-layout-28f84493 wp-block-columns-is-layout-flex\">\n<div class=\"wp-block-column is-layout-flow wp-block-column-is-layout-flow\" style=\"padding-top:var(--wp--preset--spacing--20);padding-bottom:var(--wp--preset--spacing--20)\">\n<figure class=\"wp-block-image size-full has-custom-border is-style-default\" style=\"margin-top:var(--wp--preset--spacing--10);margin-right:var(--wp--preset--spacing--10);margin-bottom:var(--wp--preset--spacing--10);margin-left:var(--wp--preset--spacing--10)\"><img decoding=\"async\" src=\"https:\/\/castraholidays.com\/wp-content\/uploads\/2025\/04\/Hessen_Eschwege_Nordhessen_KletterwaldEschwege_QF-1-c4440e5a-6e4e3d30@760ll.jpg\" alt=\"\" class=\"wp-image-121\" style=\"border-width:1px;border-radius:25px\"\/><\/figure>\n<\/div>\n\n\n\n<div class=\"wp-block-column is-layout-flow wp-block-column-is-layout-flow\">\n<h2 class=\"wp-block-heading has-text-align-center hostinger-ai-title has-dark-color has-text-color has-link-color has-x-large-font-size wp-elements-de1c0d81454ffc7d77568649acd8f1a1\" style=\"margin-top:0;margin-right:0;margin-bottom:var(--wp--preset--spacing--20);margin-left:0\"><strong><strong>Kletterwald Leuchtberg<\/strong><\/strong><\/h2>\n\n\n\n<p class=\"has-text-align-left hostinger-ai-description has-dark-color has-text-color has-link-color has-medium-font-size wp-elements-a5b471a2f38413bc613b3eac2fa8214d\" style=\"margin-top:0;margin-bottom:0\"><br\/>Klettern und Kraxeln bei Eschwege!  <br\/><br\/>Hier erwarten Sie verschiedene Parcours in H\u00f6hen von f\u00fcnf bis zw\u00f6lf Metern und Sie klettern von Plattform zu Plattform.<br\/><\/p>\n\n\n\n<div class=\"wp-block-buttons is-content-justification-center is-layout-flex wp-container-core-buttons-is-layout-10860990 wp-block-buttons-is-layout-flex\" style=\"padding-top:var(--wp--preset--spacing--10);padding-bottom:var(--wp--preset--spacing--10)\">\n<div class=\"wp-block-button has-custom-width wp-block-button__width-75\"><a class=\"wp-block-button__link wp-element-button\" href=\"https:\/\/www.kletterwald-eschwege.de\/kletterwald\/index.php\">Website Kletterwald Leuchtberg<\/a><\/div>\n<\/div>\n<\/div>\n<\/div>\n\n<div class=\"wp-block-columns alignwide is-layout-flex wp-container-core-columns-is-layout-8d88fe0f wp-block-columns-is-layout-flex\" style=\"padding-top:var(--wp--preset--spacing--20);padding-bottom:var(--wp--preset--spacing--20)\">\n<div class=\"wp-block-column is-layout-flow wp-block-column-is-layout-flow\">\n<h2 class=\"wp-block-heading has-text-align-center\"><strong><strong>Skywalk Eichsfeld<\/strong><\/strong><\/h2>\n\n\n\n<p class=\"has-text-align-left hostinger-ai-description has-dark-color has-text-color has-link-color has-medium-font-size wp-elements-54c6ab55caed8ba74fac3285d926130c\" style=\"margin-top:0;margin-bottom:0\"><br\/>Auf dem 500 Meter hohen Sonnenstein befindet sich die Aussichtsplattform \u201eSkywalk\u201c.<br\/><br\/>Vom Parkplatz am Fu\u00dfe des Berges, bei Holungen, f\u00fchren zwei Wanderwege zum Gipfel. Wenn Sie das Plateau erreichen, erstreckt sich ein Glassteg etwa 14 m \u00fcber der Klippe und bietet einen atemberaubenden Panoramablick. <\/p>\n\n\n\n<p class=\"has-text-align-left hostinger-ai-description has-dark-color has-text-color has-link-color has-medium-font-size wp-elements-27dbfea9c1441e3ca28c16e2ea852872\" style=\"margin-top:0;margin-bottom:0\"><br\/><\/p>\n\n\n\n<div class=\"wp-block-buttons is-content-justification-center is-layout-flex wp-container-core-buttons-is-layout-10860990 wp-block-buttons-is-layout-flex\" style=\"padding-top:var(--wp--preset--spacing--10);padding-bottom:var(--wp--preset--spacing--10)\">\n<div class=\"wp-block-button\"><a class=\"wp-block-button__link wp-element-button\" href=\"https:\/\/www.eichsfeld.de\/nl\/w\/skywalk-sonnenstein\">Webseite Skywalk Eichsfeld<\/a><\/div>\n<\/div>\n<\/div>\n\n\n\n<div class=\"wp-block-column is-layout-flow wp-block-column-is-layout-flow\">\n<figure class=\"wp-block-image size-full is-resized has-custom-border is-style-default\" style=\"margin-top:var(--wp--preset--spacing--10);margin-right:var(--wp--preset--spacing--10);margin-bottom:var(--wp--preset--spacing--10);margin-left:var(--wp--preset--spacing--10)\"><img decoding=\"async\" src=\"https:\/\/castraholidays.com\/wp-content\/uploads\/2025\/04\/Skywalk_Filter_Foto_Iris_Blank.jpg\" alt=\"\" class=\"wp-image-135\" style=\"border-width:1px;border-radius:25px;width:603px;height:auto\"\/><\/figure>\n<\/div>\n<\/div>\n\n<div class=\"wp-block-columns alignwide is-layout-flex wp-container-core-columns-is-layout-28f84493 wp-block-columns-is-layout-flex\">\n<div class=\"wp-block-column is-layout-flow wp-block-column-is-layout-flow\" style=\"padding-top:var(--wp--preset--spacing--20);padding-bottom:var(--wp--preset--spacing--20)\">\n<figure class=\"wp-block-image size-full has-custom-border is-style-default\" style=\"margin-top:var(--wp--preset--spacing--10);margin-right:var(--wp--preset--spacing--10);margin-bottom:var(--wp--preset--spacing--10);margin-left:var(--wp--preset--spacing--10)\"><img decoding=\"async\" src=\"https:\/\/castraholidays.com\/wp-content\/uploads\/2025\/04\/506_01.jpg\" alt=\"\" class=\"wp-image-136\" style=\"border-width:1px;border-radius:25px\"\/><\/figure>\n<\/div>\n\n\n\n<div class=\"wp-block-column is-layout-flow wp-block-column-is-layout-flow\">\n<h2 class=\"wp-block-heading has-text-align-center hostinger-ai-title has-dark-color has-text-color has-link-color has-x-large-font-size wp-elements-a92a48e9aac5a0b238050d9cd1cb28d7\" style=\"margin-top:0;margin-right:0;margin-bottom:var(--wp--preset--spacing--20);margin-left:0\"><strong><strong>Werratal Therme<\/strong><\/strong><\/h2>\n\n\n\n<p class=\"has-text-align-left hostinger-ai-description has-dark-color has-text-color has-link-color has-medium-font-size wp-elements-d6362e3f275ab3ed2057422ccddf4fb6\" style=\"margin-top:0;margin-bottom:0\"><br\/>Die Badewelt der WerratalTherme bietet ihren Besuchern unvergleichliche Stunden der Ruhe, Entspannung und Abwechslung.<\/p>\n\n\n\n<p class=\"has-text-align-left hostinger-ai-description has-dark-color has-text-color has-link-color has-medium-font-size wp-elements-e0227f9bd0394ea03c63a709b51f71c6\" style=\"margin-top:0;margin-bottom:0\"> <br\/>Neben den B\u00e4dern bietet die Werratal Therme verschiedene Saunen, Infrarotkabinen, Solarien und mehr&#8230;<br\/><\/p>\n\n\n\n<div class=\"wp-block-buttons is-content-justification-center is-layout-flex wp-container-core-buttons-is-layout-10860990 wp-block-buttons-is-layout-flex\" style=\"padding-top:var(--wp--preset--spacing--10);padding-bottom:var(--wp--preset--spacing--10)\">\n<div class=\"wp-block-button has-custom-width wp-block-button__width-75\"><a class=\"wp-block-button__link wp-element-button\" href=\"https:\/\/www.werrataltherme.de\/\">Website Werratal Therme<\/a><\/div>\n<\/div>\n<\/div>\n<\/div>\n\n<div class=\"wp-block-columns alignwide is-layout-flex wp-container-core-columns-is-layout-8d88fe0f wp-block-columns-is-layout-flex\" style=\"padding-top:var(--wp--preset--spacing--20);padding-bottom:var(--wp--preset--spacing--20)\">\n<div class=\"wp-block-column is-layout-flow wp-block-column-is-layout-flow\">\n<h2 class=\"wp-block-heading has-text-align-center\"><strong><strong>E-Mountainbike<\/strong><\/strong> n<\/h2>\n\n\n\n<p class=\"has-text-align-left hostinger-ai-description has-dark-color has-text-color has-link-color has-medium-font-size wp-elements-1176673390958cd7b28763d168edb43a\" style=\"margin-top:0;margin-bottom:0\"><br\/>Damit Sie von Ihrer Unterkunft aus direkt in den Wald radeln k\u00f6nnen, vermieten wir verschiedene E-Mountainbikes.  <br\/><br\/>Dank Elektromotor ist es f\u00fcr nahezu jeden geeignet, um mit wenig Kraftaufwand auf abenteuerliche Art die W\u00e4lder zu erkunden.<\/p>\n\n\n\n<p class=\"has-text-align-left hostinger-ai-description has-dark-color has-text-color has-link-color has-medium-font-size wp-elements-27dbfea9c1441e3ca28c16e2ea852872\" style=\"margin-top:0;margin-bottom:0\"><br\/><\/p>\n\n\n\n<div class=\"wp-block-buttons is-content-justification-center is-layout-flex wp-container-core-buttons-is-layout-10860990 wp-block-buttons-is-layout-flex\" style=\"padding-top:var(--wp--preset--spacing--10);padding-bottom:var(--wp--preset--spacing--10)\">\n<div class=\"wp-block-button\"><a class=\"wp-block-button__link wp-element-button\" href=\"https:\/\/castraholidays.com\/de\/mountainbike-verleih\/\">Mehr zu unserem E-MTB Verleih<\/a><\/div>\n<\/div>\n<\/div>\n\n\n\n<div class=\"wp-block-column is-layout-flow wp-block-column-is-layout-flow\">\n<figure class=\"wp-block-image size-full is-resized has-custom-border is-style-default\" style=\"margin-top:var(--wp--preset--spacing--10);margin-right:var(--wp--preset--spacing--10);margin-bottom:var(--wp--preset--spacing--10);margin-left:var(--wp--preset--spacing--10)\"><img decoding=\"async\" src=\"https:\/\/castraholidays.com\/wp-content\/uploads\/2025\/04\/csm_Plose-e-Bike-c-Dennis-Stratmann-de-5-2017_c92cf7e4c9.webp\" alt=\"\" class=\"wp-image-137\" style=\"border-width:1px;border-radius:25px;width:603px;height:auto\"\/><\/figure>\n<\/div>\n<\/div>\n\n<div class=\"wp-block-columns alignwide is-layout-flex wp-container-core-columns-is-layout-28f84493 wp-block-columns-is-layout-flex\">\n<div class=\"wp-block-column is-layout-flow wp-block-column-is-layout-flow\" style=\"padding-top:var(--wp--preset--spacing--20);padding-bottom:var(--wp--preset--spacing--20)\">\n<figure class=\"wp-block-image size-full has-custom-border is-style-default\" style=\"margin-top:var(--wp--preset--spacing--10);margin-right:var(--wp--preset--spacing--10);margin-bottom:var(--wp--preset--spacing--10);margin-left:var(--wp--preset--spacing--10)\"><img decoding=\"async\" src=\"https:\/\/castraholidays.com\/wp-content\/uploads\/2025\/04\/csm_Start_Winterwanderweg_a3e580db0b.jpg\" alt=\"\" class=\"wp-image-140\" style=\"border-width:1px;border-radius:25px\"\/><\/figure>\n<\/div>\n\n\n\n<div class=\"wp-block-column is-layout-flow wp-block-column-is-layout-flow\">\n<h2 class=\"wp-block-heading has-text-align-center hostinger-ai-title has-dark-color has-text-color has-link-color has-x-large-font-size wp-elements-4049953961e60a09e08e80035d8bb166\" style=\"margin-top:0;margin-right:0;margin-bottom:var(--wp--preset--spacing--20);margin-left:0\"><strong><strong>Skigebiet Hoher Mei\u00dfner<\/strong><\/strong><\/h2>\n\n\n\n<p class=\"has-text-align-left hostinger-ai-description has-dark-color has-text-color has-link-color has-medium-font-size wp-elements-a2d614c9ce72a0935e79b9964a40b136\" style=\"margin-top:0;margin-bottom:0\"><br\/>Im Werra-Mei\u00dfner-Kreis erwarten Sie 1,7 Pistenkilometer: Die Skigebiete werden von 3 Skiliften erschlossen.  <\/p>\n\n\n\n<p class=\"has-text-align-left hostinger-ai-description has-dark-color has-text-color has-link-color has-medium-font-size wp-elements-c40e3002f2fa511d3d91d61a3511b34b\" style=\"margin-top:0;margin-bottom:0\"> <br\/>Sie sind kein Ski- oder Snowboard-Fan? Die Gegend eignet sich auch hervorragend f\u00fcr sch\u00f6ne Winterwanderungen, Rodeln und Langlaufen. <br\/><\/p>\n\n\n\n<div class=\"wp-block-buttons is-content-justification-center is-layout-flex wp-container-core-buttons-is-layout-10860990 wp-block-buttons-is-layout-flex\" style=\"padding-top:var(--wp--preset--spacing--10);padding-bottom:var(--wp--preset--spacing--10)\">\n<div class=\"wp-block-button has-custom-width wp-block-button__width-75\"><a class=\"wp-block-button__link wp-element-button\" href=\"https:\/\/www.naturparkfrauholle.land\/tourismus\/aktiv-unterwegs-sein\/wintersport\"><strong>Website Hoher Mei\u00dfner<\/strong><\/a><\/div>\n<\/div>\n<\/div>\n<\/div>\n\n<div class=\"wp-block-columns alignwide is-layout-flex wp-container-core-columns-is-layout-d23209a0 wp-block-columns-is-layout-flex\" style=\"padding-top:var(--wp--preset--spacing--30);padding-bottom:var(--wp--preset--spacing--30)\">\n<div class=\"wp-block-column is-layout-flow wp-container-core-column-is-layout-b317c9ca wp-block-column-is-layout-flow\" style=\"padding-top:var(--wp--preset--spacing--10);padding-bottom:var(--wp--preset--spacing--10)\">\n<p class=\"has-text-align-center\"><br\/><strong>Wenn Sie Fragen haben oder weitere Informationen zur Gegend w\u00fcnschen, z\u00f6gern Sie bitte nicht, uns zu kontaktieren.<\/strong><\/p>\n<\/div>\n<\/div>\n","protected":false},"excerpt":{"rendered":"<p>Die Umwelt Pfaffschwende ist ein kleines Dorf im Eichsfeld, einer wundersch\u00f6nen Gegend im Bundesland Th\u00fcringen. Unweit des geografischen Mittelpunkts Deutschlands liegt das Dorf Flinsberg. Pfaffschwende liegt am Fu\u00dfe des H\u00f6henzuges Gobert, unweit der Grenze zwischen Hessen und Th\u00fcringen. Vor 1990 war Deutschland in Ost- und Westdeutschland geteilt und in der Kaserne waren ostdeutsche Soldaten stationiert, [&hellip;]<\/p>\n","protected":false},"author":2,"featured_media":0,"parent":0,"menu_order":0,"comment_status":"closed","ping_status":"closed","template":"","meta":{"footnotes":""},"class_list":["post-546","page","type-page","status-publish","hentry"],"_links":{"self":[{"href":"https:\/\/castraholidays.com\/de\/wp-json\/wp\/v2\/pages\/546","targetHints":{"allow":["GET"]}}],"collection":[{"href":"https:\/\/castraholidays.com\/de\/wp-json\/wp\/v2\/pages"}],"about":[{"href":"https:\/\/castraholidays.com\/de\/wp-json\/wp\/v2\/types\/page"}],"author":[{"embeddable":true,"href":"https:\/\/castraholidays.com\/de\/wp-json\/wp\/v2\/users\/2"}],"replies":[{"embeddable":true,"href":"https:\/\/castraholidays.com\/de\/wp-json\/wp\/v2\/comments?post=546"}],"version-history":[{"count":3,"href":"https:\/\/castraholidays.com\/de\/wp-json\/wp\/v2\/pages\/546\/revisions"}],"predecessor-version":[{"id":634,"href":"https:\/\/castraholidays.com\/de\/wp-json\/wp\/v2\/pages\/546\/revisions\/634"}],"wp:attachment":[{"href":"https:\/\/castraholidays.com\/de\/wp-json\/wp\/v2\/media?parent=546"}],"curies":[{"name":"wp","href":"https:\/\/api.w.org\/{rel}","templated":true}]}}